{"id":1606,"date":"2020-09-29T14:50:46","date_gmt":"2020-09-29T14:50:46","guid":{"rendered":"https:\/\/vfw46jlhyyn.c.updraftclone.com\/aviso-legal"},"modified":"2020-09-29T14:50:46","modified_gmt":"2020-09-29T14:50:46","slug":"aviso-legal","status":"publish","type":"page","link":"https:\/\/erlebnisanlagen.de\/es\/aviso-legal","title":{"rendered":"Aviso legal"},"content":{"rendered":"<h2>Informaci\u00f3n seg\u00fan el \u00a7 5 TMG<\/h2>\n<p><strong>Roth &amp; Challier &#8211; Erlebnisanlagen GmbH<\/strong><\/p>\n<p>Am Wetterbach 27<br \/>\n76228 Karlsruhe-Gr\u00fcnwettersbach<\/p>\n<p>Representada por:<br \/>\nUwe Roth<\/p>\n<h2>Contacto<\/h2>\n<p>Tel\u00e9fono: 0721 \/ 98 96 01 93<br \/>\nFax: 0721 \/ 933 85 95<br \/>\nCorreo electr\u00f3nico: info \/\u00e4t\/ erlebnisanlagen.de<\/p>\n<h2>Registro de entrada<\/h2>\n<p>Inscripci\u00f3n en el registro mercantil.<br \/>\nTribunal de registro: Tribunal local de Mannheim<br \/>\nN\u00famero de registro: HRB 710111<\/p>\n<h2>Responsable del contenido seg\u00fan art\u00edculo 55 p\u00e1rrafo 2 tratado interestatal<\/h2>\n<p>Uwe Roth<br \/>\nAm Wetterbach 27<br \/>\n76228 Karlsruhe-Gr\u00fcnwettersbach<\/p>\n<h2>Soluci\u00f3n de controversias<\/h2>\n<p>La Comisi\u00f3n Europea proporciona una Plataforma de Resoluci\u00f3n de Disputas en L\u00ednea (OS): <a href=\"https:\/\/ec.europa.eu\/consumers\/odr\" target=\"_blank\" rel=\"noopener noreferrer\">https:\/\/ec.europa.eu\/consumers\/odr<\/a>.<br \/>\nEncontrar\u00e1 nuestra direcci\u00f3n de correo electr\u00f3nico en la parte superior del aviso legal.<\/p>\n<p>No estamos dispuestos ni obligados a participar en los procedimientos de resoluci\u00f3n de controversias ante una junta de arbitraje de consumidores.<\/p>\n<h3>Responsabilidad por el contenido<\/h3>\n<p>Como proveedor de servicios estamos de acuerdo con el art\u00edculo 7 p\u00e1rrafo 1 TMG, es responsable de su propio contenido en estas p\u00e1ginas de acuerdo con las leyes generales. De conformidad con los art\u00edculos 8 a 10 de TMG, no estamos obligados a vigilar la informaci\u00f3n transmitida o almacenada ni a investigar las circunstancias que indiquen una actividad ilegal.<\/p>\n<p>Las obligaciones de eliminar o bloquear el uso de la informaci\u00f3n de acuerdo con las leyes generales no se ven afectadas. Sin embargo, la responsabilidad a este respecto s\u00f3lo es posible a partir del momento en que se tiene conocimiento de una infracci\u00f3n concreta. Si nos enteramos de alguna de estas infracciones, eliminaremos estos contenidos inmediatamente.<\/p>\n<h3>Responsabilidad por los enlaces<\/h3>\n<p>Nuestra oferta contiene enlaces a p\u00e1ginas web externas de terceros, sobre cuyos contenidos no tenemos ninguna influencia. Por lo tanto, no podemos asumir ninguna responsabilidad por estos contenidos externos. El respectivo proveedor u operador de los sitios es siempre responsable del contenido de los sitios enlazados. Las p\u00e1ginas enlazadas se comprobaron en busca de posibles violaciones legales en el momento de la vinculaci\u00f3n. Los contenidos ilegales no eran reconocibles en el momento de la vinculaci\u00f3n.<\/p>\n<p>Sin embargo, no es razonable un control permanente del contenido de las p\u00e1ginas enlazadas sin pruebas concretas de una violaci\u00f3n de la ley. Si nos enteramos de alguna infracci\u00f3n, eliminaremos esos enlaces inmediatamente.<\/p>\n<h3>Derechos de autor<\/h3>\n<p>El contenido y las obras de estas p\u00e1ginas creadas por los operadores del sitio est\u00e1n sujetos a la ley alemana de derechos de autor. La duplicaci\u00f3n, el procesamiento, la distribuci\u00f3n y cualquier tipo de utilizaci\u00f3n fuera de los t\u00e9rminos de la ley de derechos de autor requieren el consentimiento por escrito del respectivo autor o creador. Las descargas y copias de estas p\u00e1ginas s\u00f3lo se permiten para uso privado y no comercial.<\/p>\n<p>En la medida en que el contenido de este sitio no haya sido creado por el operador, se respetan los derechos de autor de terceros. En particular, el contenido de terceros se identifica como tal. Si, a pesar de todo, tiene conocimiento de una infracci\u00f3n de derechos de autor, le pedimos que nos informe al respecto. Si nos enteramos de alguna infracci\u00f3n, eliminaremos ese contenido inmediatamente.<\/p>\n","protected":false},"excerpt":{"rendered":"<p>Informaci\u00f3n seg\u00fan el \u00a7 5 TMG Roth &amp; Challier &#8211; Erlebnisanlagen GmbH Am Wetterbach 27 76228 Karlsruhe-Gr\u00fcnwettersbach Representada por: Uwe Roth Contacto Tel\u00e9fono: 0721 \/ 98 96 01 93 Fax: 0721 \/ 933 85 95 Correo electr\u00f3nico: info \/\u00e4t\/ erlebnisanlagen.de Registro de entrada Inscripci\u00f3n en el registro mercantil. Tribunal de registro: Tribunal local de Mannheim [&hellip;]<\/p>\n","protected":false},"author":1,"featured_media":0,"parent":0,"menu_order":98,"comment_status":"closed","ping_status":"closed","template":"","meta":{"_et_pb_use_builder":"","_et_pb_old_content":"","_et_gb_content_width":""},"aioseo_notices":[],"_links":{"self":[{"href":"https:\/\/erlebnisanlagen.de\/es\/wp-json\/wp\/v2\/pages\/1606"}],"collection":[{"href":"https:\/\/erlebnisanlagen.de\/es\/wp-json\/wp\/v2\/pages"}],"about":[{"href":"https:\/\/erlebnisanlagen.de\/es\/wp-json\/wp\/v2\/types\/page"}],"author":[{"embeddable":true,"href":"https:\/\/erlebnisanlagen.de\/es\/wp-json\/wp\/v2\/users\/1"}],"replies":[{"embeddable":true,"href":"https:\/\/erlebnisanlagen.de\/es\/wp-json\/wp\/v2\/comments?post=1606"}],"version-history":[{"count":0,"href":"https:\/\/erlebnisanlagen.de\/es\/wp-json\/wp\/v2\/pages\/1606\/revisions"}],"wp:attachment":[{"href":"https:\/\/erlebnisanlagen.de\/es\/wp-json\/wp\/v2\/media?parent=1606"}],"curies":[{"name":"wp","href":"https:\/\/api.w.org\/{rel}","templated":true}]}}