{"id":1607,"date":"2020-09-29T14:50:49","date_gmt":"2020-09-29T14:50:49","guid":{"rendered":"https:\/\/vfw46jlhyyn.c.updraftclone.com\/informacion-del-cliente-de-acuerdo-con-el-articulo-13-de-la-ley-de-proteccion-de-datos"},"modified":"2020-09-29T14:50:49","modified_gmt":"2020-09-29T14:50:49","slug":"informacion-del-cliente-de-acuerdo-con-el-articulo-13-de-la-ley-de-proteccion-de-datos","status":"publish","type":"page","link":"https:\/\/erlebnisanlagen.de\/es\/informacion-del-cliente-de-acuerdo-con-el-articulo-13-de-la-ley-de-proteccion-de-datos","title":{"rendered":"Informaci\u00f3n del cliente de acuerdo con el art\u00edculo 13 de la Ley de protecci\u00f3n de datos"},"content":{"rendered":"<p>El reglamento b\u00e1sico de protecci\u00f3n de datos define un organismo responsable del procesamiento de datos. Este es Roth &amp; Challier \u2013 Erlebnisanlagen GmbH, Am Wetterbach 27, 76228 Karlsruhe-Gr\u00fcnwettersbach<\/p>\n<p>Si tiene alguna pregunta sobre el procesamiento de sus datos, no dude en ponerse en contacto con nosotros. Por favor, p\u00f3ngase en contacto con nosotros en nuestra direcci\u00f3n de correo electr\u00f3nico: info \/\u00e4t\/ erlebnisanlagen.com<\/p>\n<p>Roth &amp; Challier \u2013 Erlebnisanlagen GmbH se ha ocupado de informarle sobre nuestros productos con este sitio web. Nos gustar\u00eda ponernos en contacto con ustedes especialmente sobre nuestros productos para la construcci\u00f3n de piscinas, cursos de agua, parques de aventura, parques infantiles, cursos de cuerdas bajas, cursos de cuerdas altas, paredes de escalada, torres de escalada y paredes de roca.<\/p>\n<p>En el \u00e1mbito de nuestras actividades, procesamos datos personales sobre la base de un contrato o consentimiento. La protecci\u00f3n de su personalidad es de alto valor para nosotros y por lo tanto no transferimos, solo con una excepci\u00f3n, ning\u00fan dato fuera de las fronteras europeas. Para proteger sus datos y los nuestros de los ataques de los hackers, se ha instalado un plug-in en el que las direcciones IP se almacenan en una empresa americana. Nuestros socios de cooperaci\u00f3n, que nos apoyan en la organizaci\u00f3n, est\u00e1n contractualmente obligados a la confidencialidad o tienen un acuerdo de procesamiento de contratos que cumple con la protecci\u00f3n de datos.<\/p>\n<p>En el marco de la ejecuci\u00f3n de proyectos conjuntos con socios de cooperaci\u00f3n es posible que recibamos datos de socios comerciales.<\/p>\n<p>Tan pronto como ya no necesitemos sus datos, los borraremos. Si las normas legales nos obligan a mantener sus datos durante un per\u00edodo de tiempo m\u00e1s largo, los borraremos una vez finalizado ese per\u00edodo.<\/p>\n<p>El gran titular de la Ley de protecci\u00f3n de datos es el fortalecimiento de los derechos de los afectados. Tiene derecho a obtener informaci\u00f3n sobre el procesamiento de sus datos, as\u00ed como el derecho de correcci\u00f3n, revocaci\u00f3n, restricci\u00f3n del procesamiento, eliminaci\u00f3n, transferencia de datos y un derecho de apelaci\u00f3n a una autoridad de supervisi\u00f3n. Encontrar\u00e1 m\u00e1s informaci\u00f3n sobre sus derechos personales en la informaci\u00f3n sobre protecci\u00f3n de datos de nuestra p\u00e1gina web.<\/p>\n","protected":false},"excerpt":{"rendered":"<p>El reglamento b\u00e1sico de protecci\u00f3n de datos define un organismo responsable del procesamiento de datos. Este es Roth &amp; Challier \u2013 Erlebnisanlagen GmbH, Am Wetterbach 27, 76228 Karlsruhe-Gr\u00fcnwettersbach Si tiene alguna pregunta sobre el procesamiento de sus datos, no dude en ponerse en contacto con nosotros. Por favor, p\u00f3ngase en contacto con nosotros en nuestra [&hellip;]<\/p>\n","protected":false},"author":1,"featured_media":0,"parent":0,"menu_order":0,"comment_status":"closed","ping_status":"closed","template":"","meta":{"_et_pb_use_builder":"","_et_pb_old_content":"","_et_gb_content_width":""},"aioseo_notices":[],"_links":{"self":[{"href":"https:\/\/erlebnisanlagen.de\/es\/wp-json\/wp\/v2\/pages\/1607"}],"collection":[{"href":"https:\/\/erlebnisanlagen.de\/es\/wp-json\/wp\/v2\/pages"}],"about":[{"href":"https:\/\/erlebnisanlagen.de\/es\/wp-json\/wp\/v2\/types\/page"}],"author":[{"embeddable":true,"href":"https:\/\/erlebnisanlagen.de\/es\/wp-json\/wp\/v2\/users\/1"}],"replies":[{"embeddable":true,"href":"https:\/\/erlebnisanlagen.de\/es\/wp-json\/wp\/v2\/comments?post=1607"}],"version-history":[{"count":0,"href":"https:\/\/erlebnisanlagen.de\/es\/wp-json\/wp\/v2\/pages\/1607\/revisions"}],"wp:attachment":[{"href":"https:\/\/erlebnisanlagen.de\/es\/wp-json\/wp\/v2\/media?parent=1607"}],"curies":[{"name":"wp","href":"https:\/\/api.w.org\/{rel}","templated":true}]}}