{"id":1608,"date":"2020-09-29T14:50:54","date_gmt":"2020-09-29T14:50:54","guid":{"rendered":"https:\/\/vfw46jlhyyn.c.updraftclone.com\/politica-de-privacidad"},"modified":"2020-09-29T14:50:54","modified_gmt":"2020-09-29T14:50:54","slug":"politica-de-privacidad","status":"publish","type":"page","link":"https:\/\/erlebnisanlagen.de\/es\/politica-de-privacidad","title":{"rendered":"Pol\u00edtica de privacidad"},"content":{"rendered":"<p>[et_pb_section fb_built=\u00bb1&#8243; admin_label=\u00bbsection\u00bb _builder_version=\u00bb3.22&#8243;][et_pb_row admin_label=\u00bbfila\u00bb _builder_version=\u00bb3.25&#8243; background_size=\u00bbinitial\u00bb background_position=\u00bbtop_left\u00bb background_repeat=\u00bbrepeat\u00bb][et_pb_column type=\u00bb4_4&#8243; _builder_version=\u00bb3.25&#8243; custom_padding=\u00bb|||\u00bb custom_padding__hover=\u00bb|||\u00bb][et_pb_text _builder_version=\u00bb4.0.11&#8243; background_size=\u00bbinitial\u00bb background_position=\u00bbtop_left\u00bb background_repeat=\u00bbrepeat\u00bb hover_enabled=\u00bb0&#8243;]<\/p>\n<h2>1. La protecci\u00f3n de datos de un vistazo<\/h2>\n<h3>Indicaciones generales<\/h3>\n<p>Las siguientes indicaciones proporcionan una simple visi\u00f3n general de lo que sucede con sus datos personales cuando visita nuestro sitio web. Los datos personales son toda aquella informaci\u00f3n con la que se le puede identificar personalmente. Puede encontrar informaci\u00f3n detallada sobre el tema de la protecci\u00f3n de datos en nuestra declaraci\u00f3n de protecci\u00f3n de datos que puede ver debajo de este texto.<\/p>\n<h3>La recopilaci\u00f3n de datos en nuestro sitio web<\/h3>\n<p><strong>\u00bfQui\u00e9n es el responsable de la recopilaci\u00f3n de datos en este sitio web?<\/strong><\/p>\n<p>El procesamiento de datos en este sitio web lo lleva a cabo el administrador del sitio web. Sus datos de contacto se encuentran en el aviso legal de este sitio web.<\/p>\n<p><strong>\u00bfC\u00f3mo recopilamos sus datos?<\/strong><\/p>\n<p>De una parte, sus datos se recogen al proporcionarnos esta informaci\u00f3n. Por ejemplo, pueden ser datos que se introducen en un formulario de contacto.<\/p>\n<p>Otros datos son recogidos autom\u00e1ticamente por nuestro sistema inform\u00e1tico cuando visita el sitio web. Se trata principalmente de datos t\u00e9cnicos (por ejemplo, el navegador de Internet, el sistema operativo o la hora de la llamada a la p\u00e1gina). Estos datos se recopilan autom\u00e1ticamente en cuanto entra en nuestro sitio web.<\/p>\n<p><strong>\u00bfPara qu\u00e9 utilizamos sus datos?<\/strong><\/p>\n<p>Parte de los datos se recopilan para garantizar que el sitio web se ofrezca sin errores. Se pueden utilizar otros datos para analizar su comportamiento como usuario.<\/p>\n<p><strong>\u00bfQu\u00e9 derechos tiene con respecto a sus datos?<\/strong><\/p>\n<p>Tiene derecho a recibir informaci\u00f3n gratuita sobre el origen, el destinatario y la finalidad de sus datos personales almacenados en cualquier momento. Asimismo, tiene derecho a exigir la correcci\u00f3n, bloqueo o eliminaci\u00f3n de estos datos. Puede ponerse en contacto con nosotros en cualquier momento en la direcci\u00f3n indicada en el aviso legal para esta y otras preguntas sobre el tema de la protecci\u00f3n de datos. Adem\u00e1s, tiene derecho a apelar a la autoridad de supervisi\u00f3n competente.<\/p>\n<p>Adem\u00e1s, tiene derecho a apelar a la autoridad de supervisi\u00f3n competente. Para obtener m\u00e1s informaci\u00f3n, consulte la declaraci\u00f3n de privacidad en \u00abDerecho a limitar el procesamiento\u00bb.<\/p>\n<h2>2. Indicaciones generales e informaci\u00f3n obligatoria<\/h2>\n<h3>Protecci\u00f3n de datos<\/h3>\n<p>Los administradores de estas p\u00e1ginas se toman muy en serio la protecci\u00f3n de sus datos personales. Tratamos sus datos personales de forma confidencial y de acuerdo con las normas legales de protecci\u00f3n de datos y esta declaraci\u00f3n de protecci\u00f3n de datos.<\/p>\n<p>Cuando se utiliza este sitio web, se recogen varios datos personales. Los datos personales son datos con los que se le puede identificar personalmente. La presente declaraci\u00f3n de privacidad explica qu\u00e9 datos recogemos y para qu\u00e9 los utilizamos. Tambi\u00e9n explica c\u00f3mo se hace y con qu\u00e9 finalidad.<\/p>\n<p>Quisi\u00e9ramos se\u00f1alar que la transmisi\u00f3n de datos en Internet (por ejemplo, la comunicaci\u00f3n por correo electr\u00f3nico) puede tener fallos de seguridad. No es posible una protecci\u00f3n integral de los datos contra el acceso de terceros.<\/p>\n<h3>Nota sobre la autoridad responsable<\/h3>\n<p>La autoridad responsable del procesamiento de datos en este sitio web es:<\/p>\n<p>Roth &amp; Challier &#8211; Erlebnisanlagen GmbH<br \/>Am Wetterbach 27, 76228 Karlsruhe-Gr\u00fcnwettersbach<\/p>\n<p>Tel\u00e9fono: <span style=\"font-family: Cairo; font-weight: normal;\">+49 \/ (0)721 \/ 98 96 01 93<\/span><\/p>\n<p>Correo electr\u00f3nico: <span style=\"font-family: Cairo; font-weight: normal;\">info \/\u00e4t\/ erlebnisanlagen.com<\/span><\/p>\n<p>La autoridad responsable es la persona f\u00edsica o jur\u00eddica que, por s\u00ed sola o conjuntamente con otras, decide los fines y los medios del tratamiento de los datos personales (por ejemplo, nombres, direcciones de correo electr\u00f3nico, etc.).<\/p>\n<h3>Retirada de su consentimiento para el procesamiento de datos<\/h3>\n<p>Muchas operaciones de procesamiento de datos s\u00f3lo son posibles con su consentimiento expreso. Puede revocar un consentimiento previamente concedido en cualquier momento. El enlace para renovar su contrase\u00f1a le ser\u00e1 enviado por correo electr\u00f3nico La legalidad del procesamiento de datos realizado hasta el momento de la revocaci\u00f3n no se ve afectada por \u00e9sta.<\/p>\n<h3>Derecho a oponerse a la recopilaci\u00f3n de datos en casos especiales y a la publicidad directa (Art. 21 de la Ley de protecci\u00f3n de datos)<\/h3>\n<p>Si el procesamiento de datos se realiza sobre la base del art\u00edculo 6 del p\u00e1rrafo 1 let. e o f de la Ley de protecci\u00f3n de datos, tiene derecho a oponerse al procesamiento de sus datos personales en cualquier momento por motivos derivados de su situaci\u00f3n particular; esto tambi\u00e9n se aplica a la elaboraci\u00f3n de perfiles basados en estas disposiciones. La base jur\u00eddica respectiva en la que se fundamenta el procesamiento puede encontrarse en esta declaraci\u00f3n de protecci\u00f3n de datos. Si presenta una objeci\u00f3n, ya no procesaremos sus datos personales en cuesti\u00f3n, a menos que podamos probar razones de peso para el procesamiento que sean dignas de protecci\u00f3n y que prevalezcan sobre sus intereses, derechos y libertades, o a menos que el procesamiento sirva para hacer valer, ejercer o defender reclamaciones legales (objeci\u00f3n de conformidad con el art. 21, p\u00e1rr. 1 de la Ley de protecci\u00f3n de datos).<\/p>\n<p>Si sus datos personales se procesan con fines de comercializaci\u00f3n directa, tiene derecho a oponerse en cualquier momento al procesamiento de los datos personales que le conciernen con fines de tal comercializaci\u00f3n, incluida la elaboraci\u00f3n de perfiles, en la medida en que est\u00e9n vinculados a dicha comercializaci\u00f3n directa. Si usted se opone, sus datos personales ya no se utilizar\u00e1n para fines de publicidad directa (oposici\u00f3n seg\u00fan el art. 21, p\u00e1rrafo 2 de la Ley de protecci\u00f3n de datos).<\/p>\n<h3>Derecho de apelaci\u00f3n ante la autoridad de supervisi\u00f3n competente<\/h3>\n<p>En el caso de infracciones contra la Ley de protecci\u00f3n de datos, los interesados tienen derecho a recurrir a una autoridad de supervisi\u00f3n, en particular en el Estado miembro de su residencia habitual, lugar de trabajo o lugar de la presunta infracci\u00f3n. El derecho de recurrir es sin perjuicio de cualquier otro recurso administrativo o judicial.<\/p>\n<h3>Derecho a la transferibilidad de datos<\/h3>\n<p>Tiene derecho a que los datos que procesamos autom\u00e1ticamente en base a su consentimiento o en cumplimiento de un contrato se le entreguen a usted o a un tercero en un formato com\u00fan y legible por m\u00e1quina. Si solicita la transferencia directa de datos a otra persona responsable, \u00e9sta s\u00f3lo se llevar\u00e1 a cabo en la medida en que sea t\u00e9cnicamente factible.<\/p>\n<h3>Informaci\u00f3n, bloqueo, eliminaci\u00f3n y correcci\u00f3n<\/h3>\n<p>En el marco de las disposiciones legales aplicables, usted tiene derecho a obtener en todo momento informaci\u00f3n gratuita sobre sus datos personales almacenados, su origen y destinatarios y la finalidad del procesamiento de los datos y, en su caso, un derecho a rectificar, bloquear o suprimir esos datos. Para ello, as\u00ed como para otras preguntas sobre el tema de los datos personales, puede ponerse en contacto con nosotros en cualquier momento en la direcci\u00f3n indicada en el aviso legal.<\/p>\n<h3>Derecho a restringir el procesamiento<\/h3>\n<p>Tiene derecho a solicitar la anulaci\u00f3n del procesamiento de sus datos personales. Puede ponerse en contacto con nosotros en cualquier momento en la direcci\u00f3n que figura en el aviso legal. El derecho a restringir el procesamiento existe en los siguientes casos:<\/p>\n<ul>\n<li>Si usted discute la exactitud de sus datos personales almacenados con nosotros, normalmente necesitamos tiempo para comprobarlo. Mientras dure la auditor\u00eda, tiene derecho a solicitar la restricci\u00f3n del procesamiento de sus datos personales.<\/li>\n<li>Si el procesamiento de sus datos personales se ha realizado de forma ilegal, puede solicitar la limitaci\u00f3n del procesamiento de datos en lugar de su eliminaci\u00f3n.<\/li>\n<li>Si ya no necesitamos sus datos personales, pero usted s\u00ed que los necesita para ejercer, defender o hacer valer reclamaciones legales, tiene derecho a solicitar que limitemos el procesamiento de sus datos personales en lugar de eliminarlos.<\/li>\n<li>Si usted presenta una objeci\u00f3n de acuerdo con el Art. 21 p\u00e1rr. 1 de la Ley de protecci\u00f3n de datos, hay que encontrar un equilibrio entre sus intereses y los nuestros. Mientras no est\u00e9 claro qu\u00e9 intereses prevalecen, tiene derecho a solicitar que se restrinja el procesamiento de sus datos personales.<\/li>\n<\/ul>\n<p>Si usted ha restringido el procesamiento de sus datos personales, \u00e9stos s\u00f3lo podr\u00e1n ser procesados, aparte de su almacenamiento, con su consentimiento o con el fin de hacer valer, ejercer o defender reclamaciones legales o proteger los derechos de otra persona f\u00edsica o jur\u00eddica o por razones de inter\u00e9s p\u00fablico importante de la Uni\u00f3n Europea o de un Estado miembro.<\/p>\n<h2>3. Recopilaci\u00f3n de datos en nuestro sitio web<\/h2>\n<h3>Cookies<\/h3>\n<p>Las p\u00e1ginas de Internet utilizan en parte las llamadas Cookies. Las cookies no producen da\u00f1os en el ordenador y no contienen virus. Las cookies sirven para que nuestras ofertas sean m\u00e1s f\u00e1ciles de usar, efectivas y seguras. Las cookies son peque\u00f1os archivos de texto que se almacenan en su ordenador y se guardan en su navegador.<\/p>\n<p>La mayor\u00eda de las cookies que usamos son las llamadas \u00abcookies de sesi\u00f3n\u00bb. Al final de su visita se borran autom\u00e1ticamente. Otras cookies permanecen almacenadas en su dispositivo hasta que las borre. Estas cookies nos permiten reconocer su navegador en su pr\u00f3xima visita.<\/p>\n<p>Cuando visite nuestra p\u00e1gina web por primera vez, aparecer\u00e1 una ventana emergente con una explicaci\u00f3n de las cookies. Una vez que haga clic en \u00abTodas las cookies\u00bb, acepta que utilicemos todas las cookies y plug-ins descritos en la ventana emergente y en esta declaraci\u00f3n de cookies. Puede desactivar el uso de cookies a trav\u00e9s de su navegador. Sin embargo, tenga en cuenta que es posible que nuestro sitio web ya no funcione correctamente.<\/p>\n<h3>Archivos de registro del servidor<\/h3>\n<p>El proveedor de las p\u00e1ginas recopila y almacena autom\u00e1ticamente informaci\u00f3n en los llamados archivos de registro del servidor, que su navegador nos trasmite autom\u00e1ticamente. Estos son:<\/p>\n<ul>\n<li>Tipo y versi\u00f3n del navegador<\/li>\n<li>Sistema operativo utilizado<\/li>\n<li>URL de referencia<\/li>\n<li>Nombre de host del ordenador de acceso<\/li>\n<li>Hora de la solicitud del servidor<\/li>\n<li>Direcci\u00f3n IP<\/li>\n<\/ul>\n<p>Estos datos no se fusionar\u00e1n con otras fuentes de datos.<\/p>\n<p>La recopilaci\u00f3n de estos datos se basa en el art\u00edculo 6, p\u00e1rrafo 1 let. f de la Ley de protecci\u00f3n de datos. El operador del sitio web tiene un inter\u00e9s leg\u00edtimo en la presentaci\u00f3n y optimizaci\u00f3n t\u00e9cnicamente libre de errores de su sitio web, para ello deben registrarse los archivos de registro del servidor.<\/p>\n<h3>Cookies publicitarias<\/h3>\n<p>En este sitio web no utilizamos cookies de publicidad.<\/p>\n<h3>Contacto<\/h3>\n<p>Si nos env\u00eda solicitudes de informaci\u00f3n por correo electr\u00f3nico, sus datos, incluidos los datos de contacto que haya facilitado, ser\u00e1n almacenados por nosotros con la finalidad de tramitar la solicitud y en caso de que surjan preguntas de seguimiento. No transmitiremos estos datos sin su consentimiento.<\/p>\n<p>Por lo tanto, el tratamiento de sus datos transmitidos se basa exclusivamente en su consentimiento (Art. 6 p\u00e1rr. 1 let. a de la Ley de protecci\u00f3n de datos). Puede retirar este consentimiento en cualquier momento. El enlace para renovar su contrase\u00f1a le ser\u00e1 enviado por correo electr\u00f3nico La legalidad de las operaciones de procesamiento de datos realizadas hasta el momento de la revocaci\u00f3n no se ver\u00e1 afectada por \u00e9sta.<\/p>\n<h3>Wordfence Security<\/h3>\n<p>En este sitio web el tema de la seguridad tambi\u00e9n es importante. Para proteger este sitio web, y sus datos, de los ataques de los hackers, se utiliza el plug-in \u00abWordfence Security\u00bb de Defiant Inc, 800 5th Ave Ste 4100, Seattle, WA 98104. Las direcciones IP y otra informaci\u00f3n personal se almacenan en los servidores de Wordfence. Esto es necesario y tambi\u00e9n est\u00e1 justificado en base al Art. 6 p\u00e1rrafo 1 let. f de la Ley de protecci\u00f3n de datos. Puede obtener m\u00e1s informaci\u00f3n en https:\/\/www.wordfence.com\/terms-of-use.<\/p>\n<h3>Tratamiento de datos (datos de clientes y contratos)<\/h3>\n<p>Recopilamos, procesamos y utilizamos datos personales s\u00f3lo en la medida en que son necesarios para el establecimiento, el contenido o la modificaci\u00f3n de la vinculaci\u00f3n jur\u00eddica (datos de inventario). Esto se hace sobre en base al art\u00edculo 6, p\u00e1rr. 1 let. b de la Ley de protecci\u00f3n de datos, que permite el procesamiento de datos para el cumplimiento de un contrato o de medidas precontractuales. Recopilamos, procesamos y utilizamos datos personales sobre el uso de nuestro sitio web (datos de uso) s\u00f3lo en la medida en que sea necesario para permitir o cobrar al usuario por el uso del servicio.<\/p>\n<p>Los datos de los clientes recopilados se eliminar\u00e1n despu\u00e9s de la finalizaci\u00f3n del pedido o de la finalizaci\u00f3n de la relaci\u00f3n comercial. Los tiempos de almacenamiento legal no se ven afectados.<\/p>\n<h2>4. Redes sociales<\/h2>\n<h3>Plugins de redes sociales con Shariff<\/h3>\n<p>En nuestras p\u00e1ginas se utilizan plugins de redes sociales (por ejemplo, Facebook, Twitter, Instagram, Pinterest, XING, LinkedIn, Tumblr).<\/p>\n<p>Normalmente puede reconocer los plugins por sus respectivos logotipos de las redes sociales. Para garantizar la protecci\u00f3n de datos en nuestra p\u00e1gina web, s\u00f3lo utilizamos estos plugins en conjunci\u00f3n con la llamada soluci\u00f3n \u00abShariff\u00bb. Esta aplicaci\u00f3n impide que los plugins integrados en nuestro sitio web transfieran datos al proveedor respectivo tan pronto como se entra en el sitio por primera vez.<\/p>\n<p>S\u00f3lo cuando se activa el respectivo plug-in haciendo clic en el bot\u00f3n correspondiente, se establece una conexi\u00f3n directa con el servidor del proveedor (consentimiento). Tan pronto como active el plug-in, el proveedor respectivo recibir\u00e1 la informaci\u00f3n de que ha visitado nuestro sitio con su direcci\u00f3n IP. Si usted est\u00e1 dentro de su respectiva cuenta de medios sociales (por ejemplo, Facebook) al mismo tiempo, su proveedor respectivo puede asignar la visita a nuestras p\u00e1ginas a su cuenta de usuario.<\/p>\n<p>La activaci\u00f3n del plug-in representa un consentimiento en el sentido del art\u00edculo 6, p\u00e1rrafo 1 let. de la Ley de protecci\u00f3n de datos. Puede revocar este consentimiento en cualquier momento con efecto para el futuro.<\/p>\n<h2>5. Herramientas de an\u00e1lisis y publicidad<\/h2>\n<h3>Google Analytics<\/h3>\n<p>Ya no se utiliza desde el 5 de febrero de 2019.<\/p>\n<h3>Statify<\/h3>\n<p>Debido a que las estad\u00edsticas se recogen de forma an\u00f3nima a trav\u00e9s de Statify, no se requiere permiso para introducir cookies anal\u00edticas.<\/p>\n<h2>6. Plugins y herramientas<\/h2>\n<h3>YouTube con protecci\u00f3n de datos mejorada<\/h3>\n<p>Nuestro sitio web utiliza plugins del sitio web de YouTube. El operador de las p\u00e1ginas es YouTube, LLC, 901 Cherry Ave., San Bruno, CA 94066, USA.<\/p>\n<p>Usamos YouTube en modo de privacidad avanzada. De acuerdo con YouTube, este modo tiene el efecto de que YouTube no almacene ninguna informaci\u00f3n sobre los visitantes de este sitio web antes de que vean el v\u00eddeo. Sin embargo, el modo de privacidad ampliado no excluye necesariamente la transferencia de datos a socios de YouTube. As\u00ed que, tanto si est\u00e1 viendo un v\u00eddeo como si no, YouTube se conecta a la red de Google DoubleClick.<\/p>\n<p>Tan pronto como se inicia un v\u00eddeo de YouTube en nuestro sitio web, se establece una conexi\u00f3n con los servidores de YouTube. Esto comunica al servidor de YouTube cu\u00e1l de nuestras p\u00e1ginas ha visitado. Si inicia sesi\u00f3n en su cuenta de YouTube, permite que YouTube asigne su comportamiento de navegaci\u00f3n directamente a su perfil personal. Puede evitarlo cerrando la sesi\u00f3n de su cuenta de YouTube.<\/p>\n<p>Adem\u00e1s, YouTube puede almacenar varias cookies en su dispositivo despu\u00e9s de iniciar un v\u00eddeo. Con la ayuda de estas cookies, YouTube puede obtener informaci\u00f3n sobre los visitantes de nuestro sitio web. Esta informaci\u00f3n se utiliza, entre otras cosas, para reunir estad\u00edsticas de v\u00eddeo, mejorar la experiencia del usuario y prevenir el fraude. Las cookies permanecen en su dispositivo hasta que las borre.<\/p>\n<p>Es posible que despu\u00e9s del inicio de un v\u00eddeo de YouTube, se activen nuevas operaciones de procesamiento de datos, sobre las que no tenemos ninguna influencia.<\/p>\n<p>YouTube se utiliza en inter\u00e9s de una presentaci\u00f3n atractiva de nuestras ofertas en l\u00ednea. Esto representa un inter\u00e9s leg\u00edtimo con arreglo al art\u00edculo 6, p\u00e1rrafo 1 let. f de la Ley de protecci\u00f3n de datos.<\/p>\n<p>Para obtener m\u00e1s informaci\u00f3n sobre la pol\u00edtica de privacidad de YouTube, consulte su pol\u00edtica de privacidad en: <a href=\"https:\/\/policies.google.com\/privacy?hl=de\" target=\"_blank\" rel=\"noopener noreferrer\">https:\/\/policies.google.com\/privacy?hl=de<\/a><\/p>\n<p>[\/et_pb_text][\/et_pb_column][\/et_pb_row][\/et_pb_section]<\/p>\n","protected":false},"excerpt":{"rendered":"<p>1. La protecci\u00f3n de datos de un vistazo Indicaciones generales Las siguientes indicaciones proporcionan una simple visi\u00f3n general de lo que sucede con sus datos personales cuando visita nuestro sitio web. Los datos personales son toda aquella informaci\u00f3n con la que se le puede identificar personalmente. Puede encontrar informaci\u00f3n detallada sobre el tema de la [&hellip;]<\/p>\n","protected":false},"author":1,"featured_media":0,"parent":0,"menu_order":99,"comment_status":"closed","ping_status":"closed","template":"","meta":{"_et_pb_use_builder":"on","_et_pb_old_content":"","_et_gb_content_width":""},"aioseo_notices":[],"_links":{"self":[{"href":"https:\/\/erlebnisanlagen.de\/es\/wp-json\/wp\/v2\/pages\/1608"}],"collection":[{"href":"https:\/\/erlebnisanlagen.de\/es\/wp-json\/wp\/v2\/pages"}],"about":[{"href":"https:\/\/erlebnisanlagen.de\/es\/wp-json\/wp\/v2\/types\/page"}],"author":[{"embeddable":true,"href":"https:\/\/erlebnisanlagen.de\/es\/wp-json\/wp\/v2\/users\/1"}],"replies":[{"embeddable":true,"href":"https:\/\/erlebnisanlagen.de\/es\/wp-json\/wp\/v2\/comments?post=1608"}],"version-history":[{"count":0,"href":"https:\/\/erlebnisanlagen.de\/es\/wp-json\/wp\/v2\/pages\/1608\/revisions"}],"wp:attachment":[{"href":"https:\/\/erlebnisanlagen.de\/es\/wp-json\/wp\/v2\/media?parent=1608"}],"curies":[{"name":"wp","href":"https:\/\/api.w.org\/{rel}","templated":true}]}}