{"id":1628,"date":"2020-09-29T14:51:18","date_gmt":"2020-09-29T14:51:18","guid":{"rendered":"https:\/\/vfw46jlhyyn.c.updraftclone.com\/acerca-de-nosotros"},"modified":"2023-01-27T07:13:38","modified_gmt":"2023-01-27T07:13:38","slug":"acerca-de-nosotros","status":"publish","type":"page","link":"https:\/\/erlebnisanlagen.de\/es\/acerca-de-nosotros","title":{"rendered":"Acerca de nosotros"},"content":{"rendered":"<p>[et_pb_section fb_built=\u00bb1&#8243; specialty=\u00bbon\u00bb _builder_version=\u00bb4.16&#8243; global_colors_info=\u00bb{}\u00bb][et_pb_column type=\u00bb1_4&#8243; _builder_version=\u00bb4.16&#8243; custom_padding=\u00bb|||\u00bb global_colors_info=\u00bb{}\u00bb custom_padding__hover=\u00bb|||\u00bb][et_pb_image src=\u00bbhttps:\/\/erlebnisanlagen.de\/wp-content\/uploads\/2018\/10\/Uwe-Roth-2-400x400s.jpg\u00bb align_tablet=\u00bbcenter\u00bb align_phone=\u00bb\u00bb align_last_edited=\u00bbon|desktop\u00bb _builder_version=\u00bb4.16&#8243; global_colors_info=\u00bb{}\u00bb][\/et_pb_image][et_pb_image src=\u00bbhttps:\/\/erlebnisanlagen.de\/wp-content\/uploads\/2018\/10\/Bauplan-2s.jpg\u00bb align_tablet=\u00bbcenter\u00bb align_phone=\u00bb\u00bb align_last_edited=\u00bbon|desktop\u00bb _builder_version=\u00bb4.16&#8243; global_colors_info=\u00bb{}\u00bb][\/et_pb_image][\/et_pb_column][et_pb_column type=\u00bb3_4&#8243; specialty_columns=\u00bb3&#8243; _builder_version=\u00bb4.16&#8243; custom_padding=\u00bb|||\u00bb global_colors_info=\u00bb{}\u00bb custom_padding__hover=\u00bb|||\u00bb][et_pb_row_inner _builder_version=\u00bb4.16&#8243; global_colors_info=\u00bb{}\u00bb][et_pb_column_inner saved_specialty_column_type=\u00bb3_4&#8243; _builder_version=\u00bb4.16&#8243; custom_padding=\u00bb|||\u00bb global_colors_info=\u00bb{}\u00bb custom_padding__hover=\u00bb|||\u00bb][et_pb_text _builder_version=\u00bb4.16&#8243; background_size=\u00bbinitial\u00bb background_position=\u00bbtop_left\u00bb background_repeat=\u00bbrepeat\u00bb global_colors_info=\u00bb{}\u00bb]<\/p>\n<p>En 1995 se conocieron dos personas activas y muy motivadas que, a trav\u00e9s de su trabajo voluntario y a tiempo completo en la CVJM, quer\u00edan ayudar a los j\u00f3venes a desarrollarse bien y a utilizar plenamente su potencial. El futuro profesor Uwe Roth y la asesora de j\u00f3venes Andrea Hoffman consideraron la pedagog\u00eda vivencial como el medio m\u00e1s adecuado. Pronto los dos se entusiasmaron por este tema y as\u00ed surgi\u00f3 el <a title=\"El galardonado parque al aire libre del CVJM\" href=\"https:\/\/www.outdoorpark.de\" target=\"_blank\" rel=\"noopener noreferrer\"><strong>Parque al aire libre del CVJM Karlsruhe<\/strong><\/a> uno de los primeros proyectos de pedagog\u00eda vivencial profesionalmente estructurada y premiada en Alemania. Como parte de este proyecto, no s\u00f3lo desarrollaron programas educativos, sino que tambi\u00e9n construyeron la primera torre de escalada y un curso de cuerdas altas y bajas. Con el conocimiento de este proyecto social en 1999 los dos fundaron la compa\u00f1\u00eda ZIP powered by spirit. El Centro de Proyectos Interactivos (abreviado ZIP, por su nombre alem\u00e1n Zentrum f\u00fcr interaktive Projekte ) sigue llevando a cabo formaci\u00f3n de equipos, incentivos, eventos y formaci\u00f3n de pedagog\u00eda vivencial, ahora con el nombre de \u00ab<a href=\"https:\/\/www.zipteam.de\" target=\"_blank\" rel=\"noopener noreferrer\"><strong>ZIP-Team \u2022 experimentar y desarrollar<\/strong><\/a>\u201c.<\/p>\n<p>Uwe Roth tambi\u00e9n desarroll\u00f3 y construy\u00f3 muros y torres de escalada para escuelas, as\u00ed como cursos de cuerdas altas y de cuerdas bajas para instituciones sociales. A partir de una discusi\u00f3n sobre la mejora de la oferta de Europabad Karlsruhe naci\u00f3 la idea de <strong>AquaCross<\/strong>, un curso de cuerda para piscinas. La primera instalaci\u00f3n de este tipo se inaugur\u00f3 en Karlsruhe en 2010. Le siguieron otras instalaciones en toda Europa y patentes, tambi\u00e9n fuera de Europa. En 2020 comenz\u00f3 la distribuci\u00f3n mundial de NinjaCross.<\/p>\n<p>El visionario y pedagogo vivencial Uwe Roth se ha convertido en el fabricante de instalaciones que aporta todas sus ideas, experiencia y energ\u00eda a la empresa. Bajo su direcci\u00f3n, se crean instalaciones de aventura desafiantes, extraordinarias y pedag\u00f3gicamente valiosas.<\/p>\n<p>[\/et_pb_text][\/et_pb_column_inner][\/et_pb_row_inner][\/et_pb_column][\/et_pb_section]<\/p>\n","protected":false},"excerpt":{"rendered":"<p>En 1995 se conocieron dos personas activas y muy motivadas que, a trav\u00e9s de su trabajo voluntario y a tiempo completo en la CVJM, quer\u00edan ayudar a los j\u00f3venes a desarrollarse bien y a utilizar plenamente su potencial. El futuro profesor Uwe Roth y la asesora de j\u00f3venes Andrea Hoffman consideraron la pedagog\u00eda vivencial como [&hellip;]<\/p>\n","protected":false},"author":1,"featured_media":0,"parent":0,"menu_order":90,"comment_status":"closed","ping_status":"closed","template":"","meta":{"_et_pb_use_builder":"on","_et_pb_old_content":"","_et_gb_content_width":""},"aioseo_notices":[],"_links":{"self":[{"href":"https:\/\/erlebnisanlagen.de\/es\/wp-json\/wp\/v2\/pages\/1628"}],"collection":[{"href":"https:\/\/erlebnisanlagen.de\/es\/wp-json\/wp\/v2\/pages"}],"about":[{"href":"https:\/\/erlebnisanlagen.de\/es\/wp-json\/wp\/v2\/types\/page"}],"author":[{"embeddable":true,"href":"https:\/\/erlebnisanlagen.de\/es\/wp-json\/wp\/v2\/users\/1"}],"replies":[{"embeddable":true,"href":"https:\/\/erlebnisanlagen.de\/es\/wp-json\/wp\/v2\/comments?post=1628"}],"version-history":[{"count":0,"href":"https:\/\/erlebnisanlagen.de\/es\/wp-json\/wp\/v2\/pages\/1628\/revisions"}],"wp:attachment":[{"href":"https:\/\/erlebnisanlagen.de\/es\/wp-json\/wp\/v2\/media?parent=1628"}],"curies":[{"name":"wp","href":"https:\/\/api.w.org\/{rel}","templated":true}]}}