{"id":1632,"date":"2020-09-29T14:51:23","date_gmt":"2020-09-29T14:51:23","guid":{"rendered":"https:\/\/vfw46jlhyyn.c.updraftclone.com\/contacto"},"modified":"2020-12-14T08:26:15","modified_gmt":"2020-12-14T08:26:15","slug":"contacto","status":"publish","type":"page","link":"https:\/\/erlebnisanlagen.de\/es\/contacto","title":{"rendered":"Contacto"},"content":{"rendered":"<p>[et_pb_section fb_built=\u00bb1&#8243; custom_padding_last_edited=\u00bbon|tablet\u00bb admin_label=\u00bbHero\u00bb _builder_version=\u00bb3.22&#8243; background_image=\u00bbhttps:\/\/erlebnisanlagen.de\/wp-content\/uploads\/2018\/10\/Kontakt-2s.jpg\u00bb custom_padding=\u00bb6vw|0px|14vw|0px|false|false\u00bb custom_padding_tablet=\u00bb||6vw|\u00bb custom_padding_phone=\u00bb\u00bb][et_pb_row _builder_version=\u00bb3.25&#8243;][et_pb_column type=\u00bb4_4&#8243; _builder_version=\u00bb3.25&#8243; custom_padding=\u00bb|||\u00bb custom_padding__hover=\u00bb|||\u00bb][et_pb_text _builder_version=\u00bb3.27.4&#8243; text_font=\u00bbLato||||||||\u00bb text_font_size=\u00bb18px\u00bb text_line_height=\u00bb1.8em\u00bb ul_font=\u00bb||||||||\u00bb ol_font=\u00bb||||||||\u00bb header_font=\u00bb|700|||||||\u00bb header_font_size=\u00bb70px\u00bb header_line_height=\u00bb1.5em\u00bb header_2_font=\u00bb||||||||\u00bb header_2_line_height=\u00bb1.3em\u00bb header_3_font=\u00bbLato|700||on|||||\u00bb header_3_text_color=\u00bb#ffffff\u00bb header_3_font_size=\u00bb20px\u00bb header_3_line_height=\u00bb1.5em\u00bb header_4_font=\u00bb||||||||\u00bb header_5_font=\u00bb||||||||\u00bb header_6_font=\u00bb||||||||\u00bb text_orientation=\u00bbcenter\u00bb background_layout=\u00bbdark\u00bb custom_margin=\u00bb|||\u00bb header_font_size_tablet=\u00bb50px\u00bb header_font_size_phone=\u00bb32px\u00bb header_font_size_last_edited=\u00bbon|tablet\u00bb header_3_font_size_tablet=\u00bb50px\u00bb header_3_font_size_phone=\u00bb32px\u00bb header_3_font_size_last_edited=\u00bboff|desktop\u00bb text_text_shadow_style=\u00bbpreset3&#8243; text_text_shadow_horizontal_length=\u00bb0.1em\u00bb text_text_shadow_vertical_length=\u00bb0.1em\u00bb text_text_shadow_blur_strength=\u00bb0.2em\u00bb text_text_shadow_color=\u00bb#000000&#8243; locked=\u00bboff\u00bb]<\/p>\n<h2><span style=\"font-size: xx-large;\"><strong>Una reuni\u00f3n consultiva es la mejor manera de conciliar sus objetivos con sus posibilidades, requisitos t\u00e9cnicos y presupuesto.<\/strong><\/span><\/h2>\n<p>[\/et_pb_text][\/et_pb_column][\/et_pb_row][\/et_pb_section][et_pb_section fb_built=\u00bb1&#8243; custom_padding_last_edited=\u00bbon|desktop\u00bb admin_label=\u00bbContact\u00bb _builder_version=\u00bb3.22&#8243; custom_margin=\u00bb|||\u00bb custom_padding=\u00bb50px|0px|50px|0px|false|false\u00bb custom_padding_tablet=\u00bb0px|||\u00bb custom_padding_phone=\u00bb|||\u00bb][et_pb_row custom_padding_last_edited=\u00bbon|phone\u00bb admin_label=\u00bbBloque de colores\u00bb _builder_version=\u00bb3.25&#8243; background_color=\u00bb#1d3164&#8243; width=\u00bb65%\u00bb max_width=\u00bb65%\u00bb custom_margin=\u00bb-100px|||\u00bb custom_margin_tablet=\u00bb0px|||\u00bb custom_margin_phone=\u00bb|||\u00bb custom_margin_last_edited=\u00bbon|desktop\u00bb custom_padding=\u00bb20px|4%|20px|4%\u00bb custom_padding_tablet=\u00bb|50px||50px||true\u00bb custom_padding_phone=\u00bb24px|24px|24px|24px|true|true\u00bb animation_style=\u00bbzoom\u00bb animation_delay=\u00bb50ms\u00bb animation_intensity_zoom=\u00bb2%\u00bb box_shadow_style=\u00bbpreset3&#8243; box_shadow_vertical=\u00bb30px\u00bb box_shadow_blur=\u00bb30px\u00bb box_shadow_color=\u00bbrgba(0,0,0,0.5)\u00bb use_custom_width=\u00bbon\u00bb width_unit=\u00bboff\u00bb custom_width_percent=\u00bb65%\u00bb][et_pb_column type=\u00bb4_4&#8243; _builder_version=\u00bb3.25&#8243; custom_padding=\u00bb|||\u00bb custom_padding__hover=\u00bb|||\u00bb][et_pb_text admin_label=\u00bb\u00dcberschrift\u00bb _builder_version=\u00bb4.0.11&#8243; text_font=\u00bbCairo||||||||\u00bb text_font_size=\u00bb16px\u00bb text_line_height=\u00bb1.8em\u00bb link_text_color=\u00bb#ffffff\u00bb header_font=\u00bb||||||||\u00bb header_font_size=\u00bb40px\u00bb header_2_font=\u00bbPlayfair Display|700|||||||\u00bb header_2_font_size=\u00bb40px\u00bb header_2_line_height=\u00bb1.5em\u00bb header_4_font=\u00bbLato|700|||||||\u00bb header_4_font_size=\u00bb16px\u00bb header_4_line_height=\u00bb1.5em\u00bb text_orientation=\u00bbcenter\u00bb background_layout=\u00bbdark\u00bb custom_margin=\u00bb|||\u00bb custom_padding=\u00bb|||\u00bb header_font_size_tablet=\u00bb30px\u00bb header_font_size_phone=\u00bb24px\u00bb header_font_size_last_edited=\u00bbon|phone\u00bb header_line_height_tablet=\u00bb\u00bb header_line_height_phone=\u00bb1em\u00bb header_line_height_last_edited=\u00bbon|phone\u00bb header_2_font_size_tablet=\u00bb30px\u00bb header_2_font_size_phone=\u00bb\u00bb header_2_font_size_last_edited=\u00bbon|tablet\u00bb locked=\u00bboff\u00bb]<\/p>\n<h1 style=\"text-align: center;\"><strong>Contacto<\/strong><\/h1>\n<h3 style=\"text-align: center;\"><strong>Env\u00edenos un mensaje sobre c\u00f3mo podemos contactar con usted.<br \/>O puedes llamar usted.<br \/><\/strong><\/h3>\n<p>[\/et_pb_text][\/et_pb_column][\/et_pb_row][et_pb_row custom_padding_last_edited=\u00bbon|phone\u00bb admin_label=\u00bbBloque de colores\u00bb _builder_version=\u00bb3.25&#8243; background_color=\u00bb#1d3164&#8243; width=\u00bb65%\u00bb max_width=\u00bb65%\u00bb custom_margin=\u00bb0px||\u00bb custom_margin_tablet=\u00bb0px|||\u00bb custom_margin_phone=\u00bb|||\u00bb custom_margin_last_edited=\u00bboff|desktop\u00bb custom_padding=\u00bb0|4%|20px|4%|false|false\u00bb custom_padding_tablet=\u00bb|50px||50px||true\u00bb custom_padding_phone=\u00bb24px|24px|24px|24px|true|true\u00bb animation_style=\u00bbzoom\u00bb animation_delay=\u00bb50ms\u00bb animation_intensity_zoom=\u00bb2%\u00bb box_shadow_style=\u00bbpreset3&#8243; box_shadow_vertical=\u00bb30px\u00bb box_shadow_blur=\u00bb30px\u00bb box_shadow_color=\u00bbrgba(0,0,0,0.5)\u00bb use_custom_width=\u00bbon\u00bb width_unit=\u00bboff\u00bb custom_width_percent=\u00bb65%\u00bb][et_pb_column type=\u00bb4_4&#8243; _builder_version=\u00bb3.25&#8243; custom_padding=\u00bb|||\u00bb custom_padding__hover=\u00bb|||\u00bb][et_pb_text admin_label=\u00bbKontaktdaten\u00bb _builder_version=\u00bb4.6.1&#8243; text_font=\u00bbCairo||||||||\u00bb text_font_size=\u00bb16px\u00bb text_line_height=\u00bb1.8em\u00bb link_text_color=\u00bb#ffffff\u00bb header_font=\u00bb||||||||\u00bb header_font_size=\u00bb40px\u00bb header_2_font=\u00bbPlayfair Display|700|||||||\u00bb header_2_font_size=\u00bb40px\u00bb header_2_line_height=\u00bb1.5em\u00bb header_4_font=\u00bb|700|||||||\u00bb header_4_font_size=\u00bb16px\u00bb header_4_line_height=\u00bb1.5em\u00bb text_orientation=\u00bbcenter\u00bb background_layout=\u00bbdark\u00bb custom_margin=\u00bb|||\u00bb custom_padding=\u00bb|||\u00bb header_font_size_tablet=\u00bb30px\u00bb header_font_size_phone=\u00bb24px\u00bb header_font_size_last_edited=\u00bbon|phone\u00bb header_line_height_tablet=\u00bb\u00bb header_line_height_phone=\u00bb1em\u00bb header_line_height_last_edited=\u00bbon|phone\u00bb header_2_font_size_tablet=\u00bb30px\u00bb header_2_font_size_phone=\u00bb\u00bb header_2_font_size_last_edited=\u00bbon|tablet\u00bb locked=\u00bboff\u00bb]<\/p>\n<h3 style=\"text-align: center;\"><\/h3>\n<p><strong>Roth &amp; Challier &#8211; Erlebnisanlagen GmbH<\/strong><\/p>\n<h4>Tel\u00e9fono<br \/> +49 \/ (0)721 \/ 98 96 01 93<\/h4>\n<h4>Correo electr\u00f3nico<br \/> info \/\u00e4t\/ erlebnisanlagen.de<\/h4>\n<p><strong>Direcci\u00f3n<br \/> Am Wetterbach 27, 76228 Karlsruhe-Gr\u00fcnwettersbach<\/strong>\u00a0<\/p>\n<p>[\/et_pb_text][\/et_pb_column][\/et_pb_row][et_pb_row column_structure=\u00bb1_3,1_3,1_3&#8243; use_custom_gutter=\u00bbon\u00bb gutter_width=\u00bb0&#8243; custom_padding_last_edited=\u00bboff|phone\u00bb admin_label=\u00bbBarra de colores\u00bb _builder_version=\u00bb3.25&#8243; width=\u00bb65%\u00bb max_width=\u00bb65%\u00bb custom_margin=\u00bb0px|||\u00bb custom_margin_phone=\u00bb|||\u00bb custom_margin_last_edited=\u00bboff|phone\u00bb custom_padding=\u00bb0px|0px|0px|0px\u00bb custom_padding_tablet=\u00bb|50px||50px||true\u00bb custom_padding_phone=\u00bb24px|24px|24px|24px|true|true\u00bb animation_style=\u00bbzoom\u00bb animation_delay=\u00bb50ms\u00bb animation_intensity_zoom=\u00bb2%\u00bb use_custom_width=\u00bbon\u00bb width_unit=\u00bboff\u00bb custom_width_percent=\u00bb65%\u00bb][et_pb_column type=\u00bb1_3&#8243; _builder_version=\u00bb3.25&#8243; background_color=\u00bb#009fe3&#8243; custom_padding=\u00bb0px|0px|0px|0px\u00bb custom_padding__hover=\u00bb|||\u00bb][et_pb_text _builder_version=\u00bb3.27.4&#8243; text_text_color=\u00bb#009fe3&#8243; text_line_height=\u00bb1em\u00bb]<\/p>\n<p style=\"text-align: center;\">ning\u00fan texto<\/p>\n<p>[\/et_pb_text][\/et_pb_column][et_pb_column type=\u00bb1_3&#8243; _builder_version=\u00bb3.25&#8243; background_color=\u00bb#f39200&#8243; custom_padding=\u00bb0px|0px|0px|0px\u00bb custom_padding__hover=\u00bb|||\u00bb][et_pb_text admin_label=\u00bbkein Text\u00bb _builder_version=\u00bb3.27.4&#8243; text_text_color=\u00bb#f39200&#8243; text_line_height=\u00bb1em\u00bb]<\/p>\n<p style=\"text-align: center;\">aunque<\/p>\n<p>[\/et_pb_text][\/et_pb_column][et_pb_column type=\u00bb1_3&#8243; _builder_version=\u00bb3.25&#8243; background_color=\u00bb#95c11f\u00bb custom_padding=\u00bb|||\u00bb custom_padding__hover=\u00bb|||\u00bb][et_pb_text _builder_version=\u00bb3.27.4&#8243; text_text_color=\u00bb#95c11f\u00bb text_line_height=\u00bb1em\u00bb]<\/p>\n<p style=\"text-align: center;\">ning\u00fan texto<\/p>\n<p>[\/et_pb_text][\/et_pb_column][\/et_pb_row][\/et_pb_section][et_pb_section fb_built=\u00bb1&#8243; _builder_version=\u00bb4.7.6&#8243; _module_preset=\u00bbdefault\u00bb][et_pb_row _builder_version=\u00bb4.7.6&#8243; _module_preset=\u00bbdefault\u00bb][et_pb_column _builder_version=\u00bb4.7.6&#8243; _module_preset=\u00bbdefault\u00bb type=\u00bb4_4&#8243;][et_pb_text _builder_version=\u00bb4.7.6&#8243; _module_preset=\u00bbdefault\u00bb hover_enabled=\u00bb0&#8243; sticky_enabled=\u00bb0&#8243;]<\/p>\n<h2>AquaCross y NinjaCross en todo el mundo<\/h2>\n<p>Con un solo clic se le mostrar\u00e1 la oficina de ventas de su pa\u00eds.<\/p>\n<p>[\/et_pb_text][et_pb_code _builder_version=\u00bb4.7.6&#8243; _module_preset=\u00bbdefault\u00bb admin_label=\u00bbmap\u00bb hover_enabled=\u00bb0&#8243; sticky_enabled=\u00bb0&#8243;]<div class=\"map_wrapper\" id=\"map_wrapper_1850\">\n<div class=\"map_box igm_content_left_2_3\" style=\"max-width:2200px\">\n<div class=\"map_aspect_ratio\" style=\"padding-top:56%\" data-padding-top=\"56%\" data-padding-top-mobile=\"0%\">\n<div class=\"map_container\">\n<div class=\"map_render map_loading\" id=\"map_1850\"><\/div>\n<\/div>\n<\/div>\n<\/div><div class=\"igm_content_gutter\" style=\"width:3%\"><\/div><div style=\"width:30%\" class=\"igm_content_right_1_3\"><div id=\"default_1850\"><\/div><\/div>\n<\/div>[\/et_pb_code][\/et_pb_column][\/et_pb_row][\/et_pb_section]<\/p>\n","protected":false},"excerpt":{"rendered":"<p>Una reuni\u00f3n consultiva es la mejor manera de conciliar sus objetivos con sus posibilidades, requisitos t\u00e9cnicos y presupuesto. Contacto Env\u00edenos un mensaje sobre c\u00f3mo podemos contactar con usted.O puedes llamar usted. Roth &amp; Challier &#8211; Erlebnisanlagen GmbH Tel\u00e9fono +49 \/ (0)721 \/ 98 96 01 93 Correo electr\u00f3nico info \/\u00e4t\/ erlebnisanlagen.de Direcci\u00f3n Am Wetterbach 27, [&hellip;]<\/p>\n","protected":false},"author":1,"featured_media":0,"parent":0,"menu_order":0,"comment_status":"closed","ping_status":"closed","template":"","meta":{"_et_pb_use_builder":"on","_et_pb_old_content":"","_et_gb_content_width":""},"aioseo_notices":[],"_links":{"self":[{"href":"https:\/\/erlebnisanlagen.de\/es\/wp-json\/wp\/v2\/pages\/1632"}],"collection":[{"href":"https:\/\/erlebnisanlagen.de\/es\/wp-json\/wp\/v2\/pages"}],"about":[{"href":"https:\/\/erlebnisanlagen.de\/es\/wp-json\/wp\/v2\/types\/page"}],"author":[{"embeddable":true,"href":"https:\/\/erlebnisanlagen.de\/es\/wp-json\/wp\/v2\/users\/1"}],"replies":[{"embeddable":true,"href":"https:\/\/erlebnisanlagen.de\/es\/wp-json\/wp\/v2\/comments?post=1632"}],"version-history":[{"count":0,"href":"https:\/\/erlebnisanlagen.de\/es\/wp-json\/wp\/v2\/pages\/1632\/revisions"}],"wp:attachment":[{"href":"https:\/\/erlebnisanlagen.de\/es\/wp-json\/wp\/v2\/media?parent=1632"}],"curies":[{"name":"wp","href":"https:\/\/api.w.org\/{rel}","templated":true}]}}