{"id":1636,"date":"2020-09-29T14:51:27","date_gmt":"2020-09-29T14:51:27","guid":{"rendered":"https:\/\/vfw46jlhyyn.c.updraftclone.com\/instalaciones-de-experiencia-activas-con-valor-pedagogico"},"modified":"2021-03-28T10:21:58","modified_gmt":"2021-03-28T10:21:58","slug":"instalaciones-de-experiencia-activas-con-valor-pedagogico","status":"publish","type":"page","link":"https:\/\/erlebnisanlagen.de\/es","title":{"rendered":"Instalaciones de experiencia &#8211; activas con valor pedag\u00f3gico"},"content":{"rendered":"<p>[et_pb_section fb_built=\u00bb1&#8243; fullwidth=\u00bbon\u00bb _builder_version=\u00bb3.22&#8243;][et_pb_fullwidth_slider show_image_video_mobile=\u00bbon\u00bb _builder_version=\u00bb3.17.2&#8243; auto=\u00bbon\u00bb auto_speed=\u00bb2500&#8243;][et_pb_slide use_bg_overlay=\u00bboff\u00bb use_text_overlay=\u00bboff\u00bb admin_title=\u00bbBeratung\u00bb _builder_version=\u00bb3.17.2&#8243; background_image=\u00bbhttps:\/\/erlebnisanlagen.de\/wp-content\/uploads\/2018\/10\/Kontakt-1.jpg\u00bb button_on_hover=\u00bbon\u00bb sticky_transition=\u00bbon\u00bb][\/et_pb_slide][et_pb_slide use_bg_overlay=\u00bboff\u00bb use_text_overlay=\u00bboff\u00bb admin_title=\u00bbAC-1&#8243; _builder_version=\u00bb3.17.2&#8243; background_image=\u00bbhttps:\/\/erlebnisanlagen.de\/wp-content\/uploads\/2018\/10\/AC-1s.jpg\u00bb button_on_hover=\u00bbon\u00bb sticky_transition=\u00bbon\u00bb][\/et_pb_slide][et_pb_slide use_bg_overlay=\u00bboff\u00bb use_text_overlay=\u00bboff\u00bb admin_title=\u00bbAC-2&#8243; _builder_version=\u00bb3.17.2&#8243; background_image=\u00bbhttps:\/\/erlebnisanlagen.de\/wp-content\/uploads\/2018\/10\/wasserparcours.jpg\u00bb button_on_hover=\u00bbon\u00bb sticky_transition=\u00bbon\u00bb][\/et_pb_slide][et_pb_slide use_bg_overlay=\u00bboff\u00bb use_text_overlay=\u00bboff\u00bb admin_title=\u00bbSeil-1&#8243; _builder_version=\u00bb3.17.2&#8243; background_image=\u00bbhttps:\/\/erlebnisanlagen.de\/wp-content\/uploads\/2018\/10\/kletterparcours.jpg\u00bb button_on_hover=\u00bbon\u00bb sticky_transition=\u00bbon\u00bb][\/et_pb_slide][et_pb_slide use_bg_overlay=\u00bboff\u00bb use_text_overlay=\u00bboff\u00bb admin_title=\u00bballgemein\u00bb _builder_version=\u00bb3.17.2&#8243; background_image=\u00bbhttps:\/\/erlebnisanlagen.de\/wp-content\/uploads\/2018\/10\/allgemein.jpg\u00bb button_on_hover=\u00bbon\u00bb sticky_transition=\u00bbon\u00bb][\/et_pb_slide][et_pb_slide use_bg_overlay=\u00bboff\u00bb use_text_overlay=\u00bboff\u00bb admin_title=\u00bbklettern-1&#8243; _builder_version=\u00bb3.17.2&#8243; background_image=\u00bbhttps:\/\/erlebnisanlagen.de\/wp-content\/uploads\/2018\/10\/AC-5s.jpg\u00bb button_on_hover=\u00bbon\u00bb sticky_transition=\u00bbon\u00bb][\/et_pb_slide][et_pb_slide use_bg_overlay=\u00bboff\u00bb use_text_overlay=\u00bboff\u00bb admin_title=\u00bbbau\u00bb _builder_version=\u00bb3.17.2&#8243; background_image=\u00bbhttps:\/\/erlebnisanlagen.de\/wp-content\/uploads\/2018\/10\/Bau-1s.jpg\u00bb button_on_hover=\u00bbon\u00bb sticky_transition=\u00bbon\u00bb][\/et_pb_slide][et_pb_slide use_bg_overlay=\u00bboff\u00bb use_text_overlay=\u00bboff\u00bb admin_title=\u00bbboulderwand\u00bb _builder_version=\u00bb3.17.2&#8243; background_image=\u00bbhttps:\/\/erlebnisanlagen.de\/wp-content\/uploads\/2018\/10\/klettern-1s.jpg\u00bb button_on_hover=\u00bbon\u00bb sticky_transition=\u00bbon\u00bb][\/et_pb_slide][et_pb_slide use_bg_overlay=\u00bboff\u00bb use_text_overlay=\u00bboff\u00bb admin_title=\u00bbHSG\u00bb _builder_version=\u00bb3.17.2&#8243; background_image=\u00bbhttps:\/\/erlebnisanlagen.de\/wp-content\/uploads\/2018\/10\/Seilgarten-1s-1.jpg\u00bb button_on_hover=\u00bbon\u00bb sticky_transition=\u00bbon\u00bb][\/et_pb_slide][et_pb_slide use_bg_overlay=\u00bboff\u00bb use_text_overlay=\u00bboff\u00bb admin_title=\u00bbbauplan\u00bb _builder_version=\u00bb3.17.2&#8243; background_image=\u00bbhttps:\/\/erlebnisanlagen.de\/wp-content\/uploads\/2018\/10\/Bauplan-2s-1.jpg\u00bb button_on_hover=\u00bbon\u00bb sticky_transition=\u00bbon\u00bb][\/et_pb_slide][et_pb_slide use_bg_overlay=\u00bboff\u00bb use_text_overlay=\u00bboff\u00bb admin_title=\u00bbAC-Rollen\u00bb _builder_version=\u00bb3.17.2&#8243; background_image=\u00bbhttps:\/\/erlebnisanlagen.de\/wp-content\/uploads\/2018\/10\/AC-4s.jpg\u00bb button_on_hover=\u00bbon\u00bb sticky_transition=\u00bbon\u00bb][\/et_pb_slide][et_pb_slide use_bg_overlay=\u00bboff\u00bb use_text_overlay=\u00bboff\u00bb admin_title=\u00bbSpielplatz\u00bb _builder_version=\u00bb3.17.2&#8243; background_image=\u00bbhttps:\/\/erlebnisanlagen.de\/wp-content\/uploads\/2018\/10\/spiel-1s.jpg\u00bb button_on_hover=\u00bbon\u00bb sticky_transition=\u00bbon\u00bb][\/et_pb_slide][et_pb_slide use_bg_overlay=\u00bboff\u00bb use_text_overlay=\u00bboff\u00bb admin_title=\u00bbKlettern-3&#8243; _builder_version=\u00bb3.17.2&#8243; background_image=\u00bbhttps:\/\/erlebnisanlagen.de\/wp-content\/uploads\/2018\/10\/klettern-3.jpg\u00bb button_on_hover=\u00bbon\u00bb sticky_transition=\u00bbon\u00bb][\/et_pb_slide][\/et_pb_fullwidth_slider][\/et_pb_section][et_pb_section fb_built=\u00bb1&#8243; custom_padding_last_edited=\u00bbon|phone\u00bb admin_label=\u00bbContact\u00bb module_class=\u00bbmy_custom_class\u00bb _builder_version=\u00bb3.22&#8243; custom_margin=\u00bb|||\u00bb custom_padding=\u00bb50px|0px|50px|0px\u00bb custom_padding_tablet=\u00bb0px||\u00bb custom_padding_phone=\u00bb\u00bb][et_pb_row custom_padding_last_edited=\u00bbon|phone\u00bb admin_label=\u00bbBloque de colores\u00bb _builder_version=\u00bb3.25&#8243; background_color=\u00bbrgba(29,49,100,0.8)\u00bb width=\u00bb65%\u00bb max_width=\u00bb65%\u00bb custom_margin=\u00bb-100px|||\u00bb custom_margin_tablet=\u00bb0px|||\u00bb custom_margin_phone=\u00bb|||\u00bb custom_margin_last_edited=\u00bbon|desktop\u00bb custom_padding=\u00bb20px|4%|20px|4%\u00bb custom_padding_tablet=\u00bb|50px||50px||true\u00bb custom_padding_phone=\u00bb24px|24px|24px|24px|true|true\u00bb animation_style=\u00bbzoom\u00bb animation_delay=\u00bb50ms\u00bb animation_intensity_zoom=\u00bb2%\u00bb box_shadow_style=\u00bbpreset3&#8243; box_shadow_vertical=\u00bb30px\u00bb box_shadow_blur=\u00bb30px\u00bb box_shadow_color=\u00bbrgba(0,0,0,0.5)\u00bb use_custom_width=\u00bbon\u00bb width_unit=\u00bboff\u00bb custom_width_percent=\u00bb65%\u00bb][et_pb_column type=\u00bb4_4&#8243; _builder_version=\u00bb3.25&#8243; custom_padding=\u00bb|||\u00bb custom_padding__hover=\u00bb|||\u00bb][et_pb_text admin_label=\u00bbTeaser Text\u00bb _builder_version=\u00bb3.27.4&#8243; text_font=\u00bbCairo||||||||\u00bb text_font_size=\u00bb16px\u00bb text_line_height=\u00bb1.8em\u00bb link_text_color=\u00bb#ffffff\u00bb header_font_size=\u00bb40px\u00bb header_2_font=\u00bbPlayfair Display|700|||||||\u00bb header_2_font_size=\u00bb40px\u00bb header_2_line_height=\u00bb1.5em\u00bb header_4_font=\u00bbLato|700|||||||\u00bb header_4_font_size=\u00bb16px\u00bb header_4_line_height=\u00bb1.5em\u00bb text_orientation=\u00bbcenter\u00bb background_layout=\u00bbdark\u00bb custom_margin=\u00bb|||\u00bb custom_padding=\u00bb|||\u00bb header_font_size_tablet=\u00bb30px\u00bb header_font_size_phone=\u00bb24px\u00bb header_font_size_last_edited=\u00bbon|phone\u00bb header_2_font_size_tablet=\u00bb30px\u00bb header_2_font_size_phone=\u00bb\u00bb header_2_font_size_last_edited=\u00bbon|tablet\u00bb locked=\u00bboff\u00bb]<\/p>\n<h3 style=\"text-align: center;\"><strong>Activo con <\/strong>valor pedag\u00f3gico<\/h3>\n<p style=\"text-align: center;\"><strong>Desde 1999 hemos estado construyendo instalaciones que no s\u00f3lo son una experiencia deportiva y de ocio, sino que tambi\u00e9n pueden utilizarse con fines educativos. Adem\u00e1s, le apoyamos en el uso de los dispositivos y formamos a las personas que se ocupan de estos dispositivos.<\/strong><\/p>\n<p>[\/et_pb_text][\/et_pb_column][\/et_pb_row][et_pb_row column_structure=\u00bb1_3,1_3,1_3&#8243; use_custom_gutter=\u00bbon\u00bb gutter_width=\u00bb0&#8243; custom_padding_last_edited=\u00bboff|phone\u00bb admin_label=\u00bbBarra de colores\u00bb _builder_version=\u00bb4.2.1&#8243; width=\u00bb65%\u00bb max_width=\u00bb65%\u00bb height=\u00bb5px\u00bb custom_margin=\u00bb0px|||\u00bb custom_margin_phone=\u00bb|||\u00bb custom_margin_last_edited=\u00bboff|phone\u00bb custom_padding=\u00bb0px|0px|0px|0px\u00bb custom_padding_tablet=\u00bb|50px||50px||true\u00bb custom_padding_phone=\u00bb24px|24px|24px|24px|true|true\u00bb animation_style=\u00bbzoom\u00bb animation_delay=\u00bb50ms\u00bb animation_intensity_zoom=\u00bb2%\u00bb use_custom_width=\u00bbon\u00bb width_unit=\u00bboff\u00bb custom_width_percent=\u00bb65%\u00bb][et_pb_column type=\u00bb1_3&#8243; _builder_version=\u00bb3.25&#8243; background_color=\u00bb#009fe3&#8243; custom_padding=\u00bb0px|0px|0px|0px\u00bb custom_padding__hover=\u00bb|||\u00bb][et_pb_text _builder_version=\u00bb3.27.4&#8243; text_text_color=\u00bb#009fe3&#8243; text_line_height=\u00bb1em\u00bb]<\/p>\n<p style=\"text-align: center;\">ning\u00fan texto<\/p>\n<p>[\/et_pb_text][\/et_pb_column][et_pb_column type=\u00bb1_3&#8243; _builder_version=\u00bb3.25&#8243; background_color=\u00bb#f39200&#8243; custom_padding=\u00bb0px|0px|0px|0px\u00bb custom_padding__hover=\u00bb|||\u00bb][et_pb_text admin_label=\u00bbkein Text\u00bb _builder_version=\u00bb3.27.4&#8243; text_text_color=\u00bb#f39200&#8243; text_line_height=\u00bb1em\u00bb]<\/p>\n<p style=\"text-align: center;\">aunque<\/p>\n<p>[\/et_pb_text][\/et_pb_column][et_pb_column type=\u00bb1_3&#8243; _builder_version=\u00bb3.25&#8243; background_color=\u00bb#95c11f\u00bb custom_padding=\u00bb|||\u00bb custom_padding__hover=\u00bb|||\u00bb][et_pb_text _builder_version=\u00bb3.27.4&#8243; text_text_color=\u00bb#95c11f\u00bb text_line_height=\u00bb1em\u00bb]<\/p>\n<p style=\"text-align: center;\">ning\u00fan texto<\/p>\n<p>[\/et_pb_text][\/et_pb_column][\/et_pb_row][\/et_pb_section][et_pb_section fb_built=\u00bb1&#8243; _builder_version=\u00bb3.22&#8243; custom_padding=\u00bb0|0px|54px|0px|false|false\u00bb][et_pb_row column_structure=\u00bb1_3,1_3,1_3&#8243; _builder_version=\u00bb3.25&#8243;][et_pb_column type=\u00bb1_3&#8243; _builder_version=\u00bb3.25&#8243; custom_padding=\u00bb|||\u00bb custom_padding__hover=\u00bb|||\u00bb][et_pb_cta title=\u00bbAGUA\u00bb button_url=\u00bb\/es\/curso-de-agua\u00bb button_text=\u00bbm\u00e1s informaci\u00f3n\u00bb admin_label=\u00bbWasser\u00bb _builder_version=\u00bb4.8.1&#8243; header_font=\u00bb|700|||||||\u00bb header_letter_spacing=\u00bb6px\u00bb background_image=\u00bbhttps:\/\/erlebnisanlagen.de\/wp-content\/uploads\/2018\/09\/wasser.jpg\u00bb custom_button=\u00bbon\u00bb button_text_color=\u00bb#000000&#8243; button_bg_color=\u00bbrgba(255,255,255,0.5)\u00bb button_font=\u00bb|700|||||||\u00bb button_alignment=\u00bbcenter\u00bb hover_enabled=\u00bb0&#8243; header_text_shadow_style=\u00bbpreset3&#8243; header_text_shadow_horizontal_length=\u00bb0.07em\u00bb header_text_shadow_color=\u00bb#000000&#8243; text_shadow_style=\u00bbpreset3&#8243; custom_margin=\u00bb|-10px|||false|false\u00bb sticky_enabled=\u00bb0&#8243;][\/et_pb_cta][et_pb_text admin_label=\u00bbFarbbalken\u00bb _builder_version=\u00bb4.8.1&#8243; text_font=\u00bb||||||||\u00bb text_text_color=\u00bb#009fe3&#8243; text_font_size=\u00bb9px\u00bb text_line_height=\u00bb1.6em\u00bb background_color=\u00bb#009fe3&#8243; custom_margin=\u00bb-30px|-10px|||false|false\u00bb custom_padding=\u00bb0px||\u00bb hover_enabled=\u00bb0&#8243; sticky_enabled=\u00bb0&#8243;]<\/p>\n<p style=\"text-align: center;\">Blindtext<\/p>\n<p>[\/et_pb_text][\/et_pb_column][et_pb_column type=\u00bb1_3&#8243; _builder_version=\u00bb3.25&#8243; custom_padding=\u00bb|||\u00bb custom_padding__hover=\u00bb|||\u00bb][et_pb_cta title=\u00bbESCALADA\u00bb button_url=\u00bb\/es\/instalaciones-de-escalada\u00bb button_text=\u00bbm\u00e1s informaci\u00f3n\u00bb admin_label=\u00bbKlettern\u00bb _builder_version=\u00bb4.8.1&#8243; header_font=\u00bb|700|||||||\u00bb header_letter_spacing=\u00bb6px\u00bb background_image=\u00bbhttps:\/\/erlebnisanlagen.de\/wp-content\/uploads\/2018\/10\/Klettern-HGs.jpg\u00bb custom_button=\u00bbon\u00bb button_text_color=\u00bb#000000&#8243; button_bg_color=\u00bbrgba(255,255,255,0.5)\u00bb button_font=\u00bb|700|||||||\u00bb button_alignment=\u00bbcenter\u00bb hover_enabled=\u00bb0&#8243; header_text_shadow_style=\u00bbpreset3&#8243; header_text_shadow_horizontal_length=\u00bb0.07em\u00bb header_text_shadow_color=\u00bb#000000&#8243; text_shadow_style=\u00bbpreset3&#8243; custom_margin=\u00bb|-5px||-5px|false|false\u00bb sticky_enabled=\u00bb0&#8243;][\/et_pb_cta][et_pb_text admin_label=\u00bbFarbbalken\u00bb _builder_version=\u00bb4.8.1&#8243; text_font=\u00bb||||||||\u00bb text_text_color=\u00bb#f39200&#8243; text_font_size=\u00bb9px\u00bb text_line_height=\u00bb1.6em\u00bb background_color=\u00bb#f39200&#8243; custom_margin=\u00bb-30px|-5px||-5px|false|false\u00bb custom_padding=\u00bb0px||\u00bb hover_enabled=\u00bb0&#8243; sticky_enabled=\u00bb0&#8243;]<\/p>\n<p style=\"text-align: center;\">Blindtext<\/p>\n<p>[\/et_pb_text][\/et_pb_column][et_pb_column type=\u00bb1_3&#8243; _builder_version=\u00bb3.25&#8243; custom_padding=\u00bb|||\u00bb custom_padding__hover=\u00bb|||\u00bb][et_pb_cta title=\u00bbCURSO CON CUERDAS\u00bb button_url=\u00bb\/es\/curso-con-cuerdas\u00bb button_text=\u00bbm\u00e1s informaci\u00f3n\u00bb admin_label=\u00bbSeilg\u00e4rten\u00bb _builder_version=\u00bb4.8.1&#8243; header_font=\u00bb|700|||||||\u00bb header_font_size=\u00bb24px\u00bb header_letter_spacing=\u00bb5px\u00bb background_image=\u00bbhttps:\/\/erlebnisanlagen.de\/wp-content\/uploads\/2018\/10\/Seilgarten-900x600s.jpg\u00bb custom_button=\u00bbon\u00bb button_text_color=\u00bb#000000&#8243; button_bg_color=\u00bbrgba(255,255,255,0.5)\u00bb button_font=\u00bb|700|||||||\u00bb button_alignment=\u00bbcenter\u00bb hover_enabled=\u00bb0&#8243; header_text_shadow_style=\u00bbpreset3&#8243; header_text_shadow_horizontal_length=\u00bb0.07em\u00bb header_text_shadow_color=\u00bb#000000&#8243; text_shadow_style=\u00bbpreset3&#8243; custom_padding=\u00bb|0px||2px|false|false\u00bb header_text_align=\u00bbcenter\u00bb sticky_enabled=\u00bb0&#8243; custom_margin=\u00bb|||-10px|false|false\u00bb][\/et_pb_cta][et_pb_text admin_label=\u00bbFarbbalken\u00bb _builder_version=\u00bb4.8.1&#8243; text_font=\u00bb||||||||\u00bb text_text_color=\u00bb#95c11f\u00bb text_font_size=\u00bb9px\u00bb text_line_height=\u00bb1.6em\u00bb background_color=\u00bb#95c11f\u00bb custom_margin=\u00bb-30px|||-10px|false|false\u00bb custom_padding=\u00bb0px||\u00bb hover_enabled=\u00bb0&#8243; sticky_enabled=\u00bb0&#8243;]<\/p>\n<p style=\"text-align: center;\">Blindtext<\/p>\n<p>[\/et_pb_text][\/et_pb_column][\/et_pb_row][\/et_pb_section]<\/p>\n","protected":false},"excerpt":{"rendered":"<p>Activo con valor pedag\u00f3gico Desde 1999 hemos estado construyendo instalaciones que no s\u00f3lo son una experiencia deportiva y de ocio, sino que tambi\u00e9n pueden utilizarse con fines educativos. Adem\u00e1s, le apoyamos en el uso de los dispositivos y formamos a las personas que se ocupan de estos dispositivos. ning\u00fan texto aunque ning\u00fan texto BlindtextBlindtextBlindtext<\/p>\n","protected":false},"author":1,"featured_media":0,"parent":0,"menu_order":0,"comment_status":"closed","ping_status":"closed","template":"","meta":{"_et_pb_use_builder":"on","_et_pb_old_content":"","_et_gb_content_width":""},"aioseo_notices":[],"_links":{"self":[{"href":"https:\/\/erlebnisanlagen.de\/es\/wp-json\/wp\/v2\/pages\/1636"}],"collection":[{"href":"https:\/\/erlebnisanlagen.de\/es\/wp-json\/wp\/v2\/pages"}],"about":[{"href":"https:\/\/erlebnisanlagen.de\/es\/wp-json\/wp\/v2\/types\/page"}],"author":[{"embeddable":true,"href":"https:\/\/erlebnisanlagen.de\/es\/wp-json\/wp\/v2\/users\/1"}],"replies":[{"embeddable":true,"href":"https:\/\/erlebnisanlagen.de\/es\/wp-json\/wp\/v2\/comments?post=1636"}],"version-history":[{"count":0,"href":"https:\/\/erlebnisanlagen.de\/es\/wp-json\/wp\/v2\/pages\/1636\/revisions"}],"wp:attachment":[{"href":"https:\/\/erlebnisanlagen.de\/es\/wp-json\/wp\/v2\/media?parent=1636"}],"curies":[{"name":"wp","href":"https:\/\/api.w.org\/{rel}","templated":true}]}}