{"id":1629,"date":"2020-09-29T14:51:18","date_gmt":"2020-09-29T14:51:18","guid":{"rendered":"https:\/\/vfw46jlhyyn.c.updraftclone.com\/mentions-legales"},"modified":"2020-09-29T14:51:18","modified_gmt":"2020-09-29T14:51:18","slug":"mentions-legales","status":"publish","type":"page","link":"https:\/\/erlebnisanlagen.de\/fr\/mentions-legales","title":{"rendered":"Mentions l\u00e9gales"},"content":{"rendered":"<h2>Informations conform\u00e9ment \u00e0 l&rsquo;article 5 TMG<\/h2>\n<p><strong>Roth &amp; Challier &#8211; Erlebnisanlagen GmbH<\/strong><\/p>\n<p>Am Wetterbach 27<br \/>\n76228 Karlsruhe-Gr\u00fcnwettersbach<\/p>\n<p>Repr\u00e9sent\u00e9 par :<br \/>\nUwe Roth<\/p>\n<h2>Contact<\/h2>\n<p>T\u00e9l\u00e9phone : 0721 \/ 98 96 01 93<br \/>\nT\u00e9l\u00e9fax : 0721 \/ 933 85 95<br \/>\nE-mail : info \/arobase\/ erlebnisanlagen.de<\/p>\n<h2>Inscription au registre<\/h2>\n<p>Inscription au registre du commerce.<br \/>\nTribunal d&rsquo;enregistrement : Amtsgericht Mannheim<br \/>\nNum\u00e9ro de registre : HRB 710111<\/p>\n<h2>Responsable du contenu selon l&rsquo;article 55 Paragraphe 2 RStV<\/h2>\n<p>Uwe Roth<br \/>\nAm Wetterbach 27<br \/>\n76228 Karlsruhe-Gr\u00fcnwettersbach<\/p>\n<h2>R\u00e8glement des litiges<\/h2>\n<p>La Commission europ\u00e9enne met \u00e0 disposition une plateforme de r\u00e8glement des litiges en ligne : <a href=\"https:\/\/ec.europa.eu\/consumers\/odr\" target=\"_blank\" rel=\"noopener noreferrer\">https:\/\/ec.europa.eu\/consumers\/odr<\/a>.<br \/>\nVous trouverez notre adresse \u00e9lectronique en haut dans les mentions l\u00e9gales.<\/p>\n<p>Nous ne sommes ni dispos\u00e9s ni oblig\u00e9s de participer \u00e0 une proc\u00e9dure de r\u00e8glement des litiges devant un conseil d&rsquo;arbitrage en mati\u00e8re de consommation.<\/p>\n<h3>Responsabilit\u00e9 du contenu<\/h3>\n<p>En tant que prestataire de services, nous sommes responsables de notre propre contenu sur ces pages conform\u00e9ment \u00e0 l&rsquo;article 7, paragraphe 1 TMG et au droit g\u00e9n\u00e9ral. Conform\u00e9ment aux articles 8 \u00e0 10 de la TMG, nous ne sommes pas tenus de surveiller les informations transmises ou stock\u00e9es ni d&rsquo;enqu\u00eater sur les circonstances qui indiquent une activit\u00e9 ill\u00e9gale.<\/p>\n<p>Les obligations de supprimer ou de bloquer l&rsquo;utilisation d&rsquo;informations en vertu du droit g\u00e9n\u00e9ral restent inchang\u00e9es. Une responsabilit\u00e9 \u00e0 cet \u00e9gard n&rsquo;est toutefois possible qu&rsquo;\u00e0 partir de la date de connaissance d&rsquo;une infraction sp\u00e9cifique. Si nous avons connaissance de telles infractions, nous retirerons imm\u00e9diatement ces contenus.<\/p>\n<h3>Responsabilit\u00e9 des liens<\/h3>\n<p>Notre offre contient des liens vers des sites web externes de tiers, sur le contenu desquels nous n&rsquo;avons aucune influence. Par cons\u00e9quent, nous ne pouvons assumer aucune responsabilit\u00e9 pour ces contenus externes. Le fournisseur ou l&rsquo;op\u00e9rateur respectif des pages est toujours responsable du contenu des pages li\u00e9es. Les pages li\u00e9es ont \u00e9t\u00e9 v\u00e9rifi\u00e9es pour d\u00e9tecter d&rsquo;\u00e9ventuelles violations de la loi au moment de la liaison. Le contenu ill\u00e9gal n&rsquo;\u00e9tait pas reconnaissable au moment de la cr\u00e9ation du lien.<\/p>\n<p>Cependant, un contr\u00f4le permanent du contenu des pages li\u00e9es n\u2019est pas raisonnable sans preuves concr\u00e8tes d\u2019une infraction. Si nous prenons connaissance d&rsquo;une infraction, nous supprimerons imm\u00e9diatement ces liens.<\/p>\n<h3>Droit d&rsquo;auteur<\/h3>\n<p>Les contenus et les \u0153uvres de ces pages cr\u00e9\u00e9s par les op\u00e9rateurs du site sont soumis \u00e0 la loi allemande sur le droit d&rsquo;auteur. La reproduction, le traitement, la distribution et tout type d&rsquo;utilisation en dehors des limites du droit d&rsquo;auteur n\u00e9cessitent le consentement \u00e9crit de l&rsquo;auteur ou du cr\u00e9ateur respectif. Les t\u00e9l\u00e9chargements et les copies de ce site sont r\u00e9serv\u00e9s \u00e0 un usage priv\u00e9 et non commercial.<\/p>\n<p>Dans la mesure o\u00f9 le contenu du site web n&rsquo;a pas \u00e9t\u00e9 cr\u00e9\u00e9 par l&rsquo;exploitant, les droits d&rsquo;auteur de tiers sont pris en compte. En particulier, le contenu de tiers est identifi\u00e9 comme tel. Si vous avez n\u00e9anmoins connaissance d&rsquo;une violation du droit d&rsquo;auteur, nous vous demandons de nous en informer. Si nous avons connaissance d&rsquo;une infraction, nous retirerons imm\u00e9diatement ces contenus.<\/p>\n","protected":false},"excerpt":{"rendered":"<p>Informations conform\u00e9ment \u00e0 l&rsquo;article 5 TMG Roth &amp; Challier &#8211; Erlebnisanlagen GmbH Am Wetterbach 27 76228 Karlsruhe-Gr\u00fcnwettersbach Repr\u00e9sent\u00e9 par : Uwe Roth Contact T\u00e9l\u00e9phone : 0721 \/ 98 96 01 93 T\u00e9l\u00e9fax : 0721 \/ 933 85 95 E-mail : info \/arobase\/ erlebnisanlagen.de Inscription au registre Inscription au registre du commerce. Tribunal d&rsquo;enregistrement : Amtsgericht [&hellip;]<\/p>\n","protected":false},"author":1,"featured_media":0,"parent":0,"menu_order":98,"comment_status":"closed","ping_status":"closed","template":"","meta":{"_et_pb_use_builder":"","_et_pb_old_content":"","_et_gb_content_width":""},"aioseo_notices":[],"_links":{"self":[{"href":"https:\/\/erlebnisanlagen.de\/fr\/wp-json\/wp\/v2\/pages\/1629"}],"collection":[{"href":"https:\/\/erlebnisanlagen.de\/fr\/wp-json\/wp\/v2\/pages"}],"about":[{"href":"https:\/\/erlebnisanlagen.de\/fr\/wp-json\/wp\/v2\/types\/page"}],"author":[{"embeddable":true,"href":"https:\/\/erlebnisanlagen.de\/fr\/wp-json\/wp\/v2\/users\/1"}],"replies":[{"embeddable":true,"href":"https:\/\/erlebnisanlagen.de\/fr\/wp-json\/wp\/v2\/comments?post=1629"}],"version-history":[{"count":0,"href":"https:\/\/erlebnisanlagen.de\/fr\/wp-json\/wp\/v2\/pages\/1629\/revisions"}],"wp:attachment":[{"href":"https:\/\/erlebnisanlagen.de\/fr\/wp-json\/wp\/v2\/media?parent=1629"}],"curies":[{"name":"wp","href":"https:\/\/api.w.org\/{rel}","templated":true}]}}