{"id":1635,"date":"2020-09-29T14:51:23","date_gmt":"2020-09-29T14:51:23","guid":{"rendered":"https:\/\/vfw46jlhyyn.c.updraftclone.com\/informations-sur-les-clients-dapres-article-13-rgpd"},"modified":"2020-09-29T14:51:23","modified_gmt":"2020-09-29T14:51:23","slug":"informations-sur-les-clients-dapres-article-13-rgpd","status":"publish","type":"page","link":"https:\/\/erlebnisanlagen.de\/fr\/informations-sur-les-clients-dapres-article-13-rgpd","title":{"rendered":"Informations sur les clients d&rsquo;apr\u00e8s Article 13 RGPD"},"content":{"rendered":"<p>Le r\u00e8glement de base sur la protection des donn\u00e9es d\u00e9finit un organe responsable du traitement des donn\u00e9es. Celui-ci est Roth &amp; Challier &#8211; Erlebnisanlagen GmbH, Am Wetterbach 27, 76228 Karlsruhe-Gr\u00fcnwettersbach<\/p>\n<p>Si vous avez des questions concernant le traitement de vos donn\u00e9es, n&rsquo;h\u00e9sitez pas \u00e0 nous contacter. Veuillez nous contacter \u00e0 notre adresse \u00e9lectronique : info \/arobase\/ erlebnisanlagen.com<\/p>\n<p>Roth &amp; Challier &#8211; Erlebnisanlagen GmbH s&rsquo;est donn\u00e9 pour mission de vous informer sur nos produits sur ce site. Nous aimerions vous parler plus particuli\u00e8rement de nos produits pour la construction de piscines, de cours d&rsquo;eau, de parcs d&rsquo;aventure, de terrains de jeux, de parcours de cordes basses, de parcours de cordes hautes, de murs d&rsquo;escalade, de tours d&rsquo;escalade et de mur d&rsquo;escalade sur blocs.<\/p>\n<p>Dans le cadre de nos activit\u00e9s, nous traitons les donn\u00e9es \u00e0 caract\u00e8re personnel sur la base d&rsquo;un contrat ou d&rsquo;un consentement. La protection de votre personnalit\u00e9 est une grande valeur pour nous et c&rsquo;est pourquoi nous ne transf\u00e9rons &#8211; \u00e0 une exception pr\u00e8s &#8211; aucune donn\u00e9e en dehors des fronti\u00e8res europ\u00e9ennes. Afin de prot\u00e9ger vos et nos donn\u00e9es contre les attaques de pirates, un plug-in a \u00e9t\u00e9 install\u00e9 dans lequel les adresses IP sont stock\u00e9es dans une soci\u00e9t\u00e9 am\u00e9ricaine. Nos partenaires de coop\u00e9ration, qui nous soutiennent dans l&rsquo;organisation, sont contractuellement tenus \u00e0 la confidentialit\u00e9 ou ont un accord de traitement des donn\u00e9es conforme \u00e0 la protection des donn\u00e9es.<\/p>\n<p>Dans le cadre de la mise en \u0153uvre de projets communs avec des partenaires de coop\u00e9ration, il est possible que nous recevions des donn\u00e9es de partenaires commerciaux.<\/p>\n<p>D\u00e8s que nous n&rsquo;avons plus besoin de vos donn\u00e9es, nous les supprimons. Si des dispositions l\u00e9gales nous obligent \u00e0 conserver vos donn\u00e9es pendant une p\u00e9riode plus longue, nous supprimerons vos donn\u00e9es apr\u00e8s la fin de cette p\u00e9riode.<\/p>\n<p>Le grand titre du RGPD est le renforcement des droits des personnes concern\u00e9es. Vous avez le droit d&rsquo;obtenir des informations sur le traitement de vos donn\u00e9es, ainsi que le droit de rectification, de r\u00e9vocation, de limitation du traitement, de suppression, de transmission des donn\u00e9es et un droit de recours aupr\u00e8s d&rsquo;une autorit\u00e9 de contr\u00f4le. Vous trouverez de plus amples informations sur vos droits personnels dans les informations relatives \u00e0 la protection des donn\u00e9es sur notre site web.<\/p>\n","protected":false},"excerpt":{"rendered":"<p>Le r\u00e8glement de base sur la protection des donn\u00e9es d\u00e9finit un organe responsable du traitement des donn\u00e9es. Celui-ci est Roth &amp; Challier &#8211; Erlebnisanlagen GmbH, Am Wetterbach 27, 76228 Karlsruhe-Gr\u00fcnwettersbach Si vous avez des questions concernant le traitement de vos donn\u00e9es, n&rsquo;h\u00e9sitez pas \u00e0 nous contacter. Veuillez nous contacter \u00e0 notre adresse \u00e9lectronique : info [&hellip;]<\/p>\n","protected":false},"author":1,"featured_media":0,"parent":0,"menu_order":0,"comment_status":"closed","ping_status":"closed","template":"","meta":{"_et_pb_use_builder":"","_et_pb_old_content":"","_et_gb_content_width":""},"aioseo_notices":[],"_links":{"self":[{"href":"https:\/\/erlebnisanlagen.de\/fr\/wp-json\/wp\/v2\/pages\/1635"}],"collection":[{"href":"https:\/\/erlebnisanlagen.de\/fr\/wp-json\/wp\/v2\/pages"}],"about":[{"href":"https:\/\/erlebnisanlagen.de\/fr\/wp-json\/wp\/v2\/types\/page"}],"author":[{"embeddable":true,"href":"https:\/\/erlebnisanlagen.de\/fr\/wp-json\/wp\/v2\/users\/1"}],"replies":[{"embeddable":true,"href":"https:\/\/erlebnisanlagen.de\/fr\/wp-json\/wp\/v2\/comments?post=1635"}],"version-history":[{"count":0,"href":"https:\/\/erlebnisanlagen.de\/fr\/wp-json\/wp\/v2\/pages\/1635\/revisions"}],"wp:attachment":[{"href":"https:\/\/erlebnisanlagen.de\/fr\/wp-json\/wp\/v2\/media?parent=1635"}],"curies":[{"name":"wp","href":"https:\/\/api.w.org\/{rel}","templated":true}]}}