{"id":1659,"date":"2020-09-29T14:51:50","date_gmt":"2020-09-29T14:51:50","guid":{"rendered":"https:\/\/vfw46jlhyyn.c.updraftclone.com\/a-propos-de-nous"},"modified":"2023-01-27T07:15:34","modified_gmt":"2023-01-27T07:15:34","slug":"a-propos-de-nous","status":"publish","type":"page","link":"https:\/\/erlebnisanlagen.de\/fr\/a-propos-de-nous","title":{"rendered":"\u00c0 propos de nous"},"content":{"rendered":"<p>[et_pb_section fb_built=\u00a0\u00bb1&Prime; specialty=\u00a0\u00bbon\u00a0\u00bb _builder_version=\u00a0\u00bb4.16&Prime; global_colors_info=\u00a0\u00bb{}\u00a0\u00bb][et_pb_column type=\u00a0\u00bb1_4&Prime; _builder_version=\u00a0\u00bb4.16&Prime; custom_padding=\u00a0\u00bb|||\u00a0\u00bb global_colors_info=\u00a0\u00bb{}\u00a0\u00bb custom_padding__hover=\u00a0\u00bb|||\u00a0\u00bb][et_pb_image src=\u00a0\u00bbhttps:\/\/erlebnisanlagen.de\/wp-content\/uploads\/2018\/10\/Uwe-Roth-2-400x400s.jpg\u00a0\u00bb align_tablet=\u00a0\u00bbcenter\u00a0\u00bb align_phone=\u00a0\u00bb\u00a0\u00bb align_last_edited=\u00a0\u00bbon|desktop\u00a0\u00bb _builder_version=\u00a0\u00bb4.16&Prime; global_colors_info=\u00a0\u00bb{}\u00a0\u00bb][\/et_pb_image][et_pb_image src=\u00a0\u00bbhttps:\/\/erlebnisanlagen.de\/wp-content\/uploads\/2018\/10\/Bauplan-2s.jpg\u00a0\u00bb align_tablet=\u00a0\u00bbcenter\u00a0\u00bb align_phone=\u00a0\u00bb\u00a0\u00bb align_last_edited=\u00a0\u00bbon|desktop\u00a0\u00bb _builder_version=\u00a0\u00bb4.16&Prime; global_colors_info=\u00a0\u00bb{}\u00a0\u00bb][\/et_pb_image][\/et_pb_column][et_pb_column type=\u00a0\u00bb3_4&Prime; specialty_columns=\u00a0\u00bb3&Prime; _builder_version=\u00a0\u00bb4.16&Prime; custom_padding=\u00a0\u00bb|||\u00a0\u00bb global_colors_info=\u00a0\u00bb{}\u00a0\u00bb custom_padding__hover=\u00a0\u00bb|||\u00a0\u00bb][et_pb_row_inner _builder_version=\u00a0\u00bb4.16&Prime; global_colors_info=\u00a0\u00bb{}\u00a0\u00bb][et_pb_column_inner saved_specialty_column_type=\u00a0\u00bb3_4&Prime; _builder_version=\u00a0\u00bb4.16&Prime; custom_padding=\u00a0\u00bb|||\u00a0\u00bb global_colors_info=\u00a0\u00bb{}\u00a0\u00bb custom_padding__hover=\u00a0\u00bb|||\u00a0\u00bb][et_pb_text _builder_version=\u00a0\u00bb4.16&Prime; background_size=\u00a0\u00bbinitial\u00a0\u00bb background_position=\u00a0\u00bbtop_left\u00a0\u00bb background_repeat=\u00a0\u00bbrepeat\u00a0\u00bb global_colors_info=\u00a0\u00bb{}\u00a0\u00bb]<\/p>\n<p>En 1995, deux personnes actives et tr\u00e8s motiv\u00e9es se sont rencontr\u00e9es, qui, de par leur travail b\u00e9n\u00e9vole et \u00e0 plein temps au sein du YMCA, voulaient aider les jeunes \u00e0 bien se d\u00e9velopper et \u00e0 utiliser pleinement leur potentiel. Le futur enseignant Uwe Roth et la conseill\u00e8re pour la jeunesse Andrea Hoffman ont reconnu que l&rsquo;\u00e9ducation par l&rsquo;exp\u00e9rience \u00e9tait le moyen le plus appropri\u00e9. Tr\u00e8s vite, ils se sont passionn\u00e9s pour ce sujet et c&rsquo;est ainsi que <a title=\"le parc en plein air prim\u00e9 du YMCA est n\u00e9.\" href=\"https:\/\/www.outdoorpark.de\" target=\"_blank\" rel=\"noopener noreferrer\"><strong>Parc en plein air du YMCA Karlsruhe<\/strong><\/a> l&rsquo;un des premiers projets d&rsquo;\u00e9ducation exp\u00e9rientielle professionnellement structur\u00e9s et r\u00e9compens\u00e9s en Allemagne. Dans le cadre de ce projet, ils ont non seulement d\u00e9velopp\u00e9 des programmes \u00e9ducatifs, mais aussi construit la premi\u00e8re tour d&rsquo;escalade et un parcours de cordes hautes et basses. Avec le savoir-faire issu de ce projet social, ils ont fond\u00e9 la soci\u00e9t\u00e9 ZIP powered by spirit en 1999. Le Centre pour les projets interactifs (ZIP en abr\u00e9g\u00e9) continue d&rsquo;organiser des formations d&rsquo;\u00e9quipe, des incitations, des \u00e9v\u00e9nements et des formations d&rsquo;\u00e9ducation exp\u00e9rimentale &#8211; d\u00e9sormais sous le nom de \u00ab\u00a0<a href=\"https:\/\/www.zipteam.de\" target=\"_blank\" rel=\"noopener noreferrer\"><strong>ZIP-Team &#8211; exp\u00e9riencer et d\u00e9velopper<\/strong><\/a>\u201c.<\/p>\n<p>Uwe Roth a \u00e9galement d\u00e9velopp\u00e9 et construit des murs d&rsquo;escalade et des tours pour les \u00e9coles ainsi que des parcours de cordes hautes et des parcours de cordes basses pour les institutions sociales. D&rsquo;une discussion sur l&rsquo;am\u00e9lioration de l&rsquo;offre de l&rsquo;Europabad Karlsruhe est n\u00e9e l&rsquo;id\u00e9e de <strong>AquaCross<\/strong> &#8211; un parcours de cordes pour les piscines. La premi\u00e8re installation de ce type a \u00e9t\u00e9 inaugur\u00e9e \u00e0 Karlsruhe en 2010. D&rsquo;autres parcours ont suivi dans toute l&rsquo;Europe et des brevets ont \u00e9t\u00e9 d\u00e9pos\u00e9s, y compris en dehors de l&rsquo;Europe. En 2020, la distribution mondiale de NinjaCross a commenc\u00e9.<\/p>\n<p>L&rsquo;\u00e9ducateur visionnaire et exp\u00e9rimental Uwe Roth est devenu le fabricant de parcours qui apporte toutes ses id\u00e9es, son exp\u00e9rience et son \u00e9nergie \u00e0 l&rsquo;entreprise. Sous sa direction, des parcours d&rsquo;aventure stimulantes, extraordinaires et pr\u00e9cieuses sur le plan p\u00e9dagogique sont cr\u00e9\u00e9es.<\/p>\n<p>[\/et_pb_text][\/et_pb_column_inner][\/et_pb_row_inner][\/et_pb_column][\/et_pb_section]<\/p>\n","protected":false},"excerpt":{"rendered":"<p>En 1995, deux personnes actives et tr\u00e8s motiv\u00e9es se sont rencontr\u00e9es, qui, de par leur travail b\u00e9n\u00e9vole et \u00e0 plein temps au sein du YMCA, voulaient aider les jeunes \u00e0 bien se d\u00e9velopper et \u00e0 utiliser pleinement leur potentiel. Le futur enseignant Uwe Roth et la conseill\u00e8re pour la jeunesse Andrea Hoffman ont reconnu que [&hellip;]<\/p>\n","protected":false},"author":1,"featured_media":0,"parent":0,"menu_order":90,"comment_status":"closed","ping_status":"closed","template":"","meta":{"_et_pb_use_builder":"on","_et_pb_old_content":"","_et_gb_content_width":""},"aioseo_notices":[],"_links":{"self":[{"href":"https:\/\/erlebnisanlagen.de\/fr\/wp-json\/wp\/v2\/pages\/1659"}],"collection":[{"href":"https:\/\/erlebnisanlagen.de\/fr\/wp-json\/wp\/v2\/pages"}],"about":[{"href":"https:\/\/erlebnisanlagen.de\/fr\/wp-json\/wp\/v2\/types\/page"}],"author":[{"embeddable":true,"href":"https:\/\/erlebnisanlagen.de\/fr\/wp-json\/wp\/v2\/users\/1"}],"replies":[{"embeddable":true,"href":"https:\/\/erlebnisanlagen.de\/fr\/wp-json\/wp\/v2\/comments?post=1659"}],"version-history":[{"count":0,"href":"https:\/\/erlebnisanlagen.de\/fr\/wp-json\/wp\/v2\/pages\/1659\/revisions"}],"wp:attachment":[{"href":"https:\/\/erlebnisanlagen.de\/fr\/wp-json\/wp\/v2\/media?parent=1659"}],"curies":[{"name":"wp","href":"https:\/\/api.w.org\/{rel}","templated":true}]}}