{"id":1662,"date":"2020-09-29T14:51:55","date_gmt":"2020-09-29T14:51:55","guid":{"rendered":"https:\/\/vfw46jlhyyn.c.updraftclone.com\/contact"},"modified":"2020-12-14T08:22:22","modified_gmt":"2020-12-14T08:22:22","slug":"contact","status":"publish","type":"page","link":"https:\/\/erlebnisanlagen.de\/fr\/contact","title":{"rendered":"Contact"},"content":{"rendered":"<p>[et_pb_section fb_built=\u00a0\u00bb1&Prime; custom_padding_last_edited=\u00a0\u00bbon|tablet\u00a0\u00bb admin_label=\u00a0\u00bbHero\u00a0\u00bb _builder_version=\u00a0\u00bb3.22&Prime; background_image=\u00a0\u00bbhttps:\/\/erlebnisanlagen.de\/wp-content\/uploads\/2018\/10\/Kontakt-2s.jpg\u00a0\u00bb custom_padding=\u00a0\u00bb6vw|0px|14vw|0px|false|false\u00a0\u00bb custom_padding_tablet=\u00a0\u00bb||6vw|\u00a0\u00bb custom_padding_phone=\u00a0\u00bb\u00a0\u00bb][et_pb_row _builder_version=\u00a0\u00bb3.25&Prime;][et_pb_column type=\u00a0\u00bb4_4&Prime; _builder_version=\u00a0\u00bb3.25&Prime; custom_padding=\u00a0\u00bb|||\u00a0\u00bb custom_padding__hover=\u00a0\u00bb|||\u00a0\u00bb][et_pb_text _builder_version=\u00a0\u00bb3.27.4&Prime; text_font=\u00a0\u00bbLato||||||||\u00a0\u00bb text_font_size=\u00a0\u00bb18px\u00a0\u00bb text_line_height=\u00a0\u00bb1.8em\u00a0\u00bb ul_font=\u00a0\u00bb||||||||\u00a0\u00bb ol_font=\u00a0\u00bb||||||||\u00a0\u00bb header_font=\u00a0\u00bb|700|||||||\u00a0\u00bb header_font_size=\u00a0\u00bb70px\u00a0\u00bb header_line_height=\u00a0\u00bb1.5em\u00a0\u00bb header_2_font=\u00a0\u00bb||||||||\u00a0\u00bb header_2_line_height=\u00a0\u00bb1.3em\u00a0\u00bb header_3_font=\u00a0\u00bbLato|700||on|||||\u00a0\u00bb header_3_text_color=\u00a0\u00bb#ffffff\u00a0\u00bb header_3_font_size=\u00a0\u00bb20px\u00a0\u00bb header_3_line_height=\u00a0\u00bb1.5em\u00a0\u00bb header_4_font=\u00a0\u00bb||||||||\u00a0\u00bb header_5_font=\u00a0\u00bb||||||||\u00a0\u00bb header_6_font=\u00a0\u00bb||||||||\u00a0\u00bb text_orientation=\u00a0\u00bbcenter\u00a0\u00bb background_layout=\u00a0\u00bbdark\u00a0\u00bb custom_margin=\u00a0\u00bb|||\u00a0\u00bb header_font_size_tablet=\u00a0\u00bb50px\u00a0\u00bb header_font_size_phone=\u00a0\u00bb32px\u00a0\u00bb header_font_size_last_edited=\u00a0\u00bbon|tablet\u00a0\u00bb header_3_font_size_tablet=\u00a0\u00bb50px\u00a0\u00bb header_3_font_size_phone=\u00a0\u00bb32px\u00a0\u00bb header_3_font_size_last_edited=\u00a0\u00bboff|desktop\u00a0\u00bb text_text_shadow_style=\u00a0\u00bbpreset3&Prime; text_text_shadow_horizontal_length=\u00a0\u00bb0.1em\u00a0\u00bb text_text_shadow_vertical_length=\u00a0\u00bb0.1em\u00a0\u00bb text_text_shadow_blur_strength=\u00a0\u00bb0.2em\u00a0\u00bb text_text_shadow_color=\u00a0\u00bb#000000&Prime; locked=\u00a0\u00bboff\u00a0\u00bb]<\/p>\n<h2><span style=\"font-size: xx-large;\"><strong>Une consultation est le meilleur moyen de concilier vos objectifs avec vos possibilit\u00e9s, vos exigences techniques et votre budget.<\/strong><\/span><\/h2>\n<p>[\/et_pb_text][\/et_pb_column][\/et_pb_row][\/et_pb_section][et_pb_section fb_built=\u00a0\u00bb1&Prime; custom_padding_last_edited=\u00a0\u00bbon|desktop\u00a0\u00bb admin_label=\u00a0\u00bbContact\u00a0\u00bb _builder_version=\u00a0\u00bb3.22&Prime; custom_margin=\u00a0\u00bb|||\u00a0\u00bb custom_padding=\u00a0\u00bb50px|0px|50px|0px|false|false\u00a0\u00bb custom_padding_tablet=\u00a0\u00bb0px|||\u00a0\u00bb custom_padding_phone=\u00a0\u00bb|||\u00a0\u00bb][et_pb_row custom_padding_last_edited=\u00a0\u00bbon|phone\u00a0\u00bb admin_label=\u00a0\u00bbBloc de couleur\u00a0\u00bb _builder_version=\u00a0\u00bb3.25&Prime; background_color=\u00a0\u00bb#1d3164&Prime; width=\u00a0\u00bb65%\u00a0\u00bb max_width=\u00a0\u00bb65%\u00a0\u00bb custom_margin=\u00a0\u00bb-100px|||\u00a0\u00bb custom_margin_tablet=\u00a0\u00bb0px|||\u00a0\u00bb custom_margin_phone=\u00a0\u00bb|||\u00a0\u00bb custom_margin_last_edited=\u00a0\u00bbon|desktop\u00a0\u00bb custom_padding=\u00a0\u00bb20px|4%|20px|4%\u00a0\u00bb custom_padding_tablet=\u00a0\u00bb|50px||50px||true\u00a0\u00bb custom_padding_phone=\u00a0\u00bb24px|24px|24px|24px|true|true\u00a0\u00bb animation_style=\u00a0\u00bbzoom\u00a0\u00bb animation_delay=\u00a0\u00bb50ms\u00a0\u00bb animation_intensity_zoom=\u00a0\u00bb2%\u00a0\u00bb box_shadow_style=\u00a0\u00bbpreset3&Prime; box_shadow_vertical=\u00a0\u00bb30px\u00a0\u00bb box_shadow_blur=\u00a0\u00bb30px\u00a0\u00bb box_shadow_color=\u00a0\u00bbrgba(0,0,0,0.5)\u00a0\u00bb use_custom_width=\u00a0\u00bbon\u00a0\u00bb width_unit=\u00a0\u00bboff\u00a0\u00bb custom_width_percent=\u00a0\u00bb65%\u00a0\u00bb][et_pb_column type=\u00a0\u00bb4_4&Prime; _builder_version=\u00a0\u00bb3.25&Prime; custom_padding=\u00a0\u00bb|||\u00a0\u00bb custom_padding__hover=\u00a0\u00bb|||\u00a0\u00bb][et_pb_text admin_label=\u00a0\u00bb\u00dcberschrift\u00a0\u00bb _builder_version=\u00a0\u00bb4.0.11&Prime; text_font=\u00a0\u00bbCairo||||||||\u00a0\u00bb text_font_size=\u00a0\u00bb16px\u00a0\u00bb text_line_height=\u00a0\u00bb1.8em\u00a0\u00bb link_text_color=\u00a0\u00bb#ffffff\u00a0\u00bb header_font=\u00a0\u00bb||||||||\u00a0\u00bb header_font_size=\u00a0\u00bb40px\u00a0\u00bb header_2_font=\u00a0\u00bbPlayfair Display|700|||||||\u00a0\u00bb header_2_font_size=\u00a0\u00bb40px\u00a0\u00bb header_2_line_height=\u00a0\u00bb1.5em\u00a0\u00bb header_4_font=\u00a0\u00bbLato|700|||||||\u00a0\u00bb header_4_font_size=\u00a0\u00bb16px\u00a0\u00bb header_4_line_height=\u00a0\u00bb1.5em\u00a0\u00bb text_orientation=\u00a0\u00bbcenter\u00a0\u00bb background_layout=\u00a0\u00bbdark\u00a0\u00bb custom_margin=\u00a0\u00bb|||\u00a0\u00bb custom_padding=\u00a0\u00bb|||\u00a0\u00bb header_font_size_tablet=\u00a0\u00bb30px\u00a0\u00bb header_font_size_phone=\u00a0\u00bb24px\u00a0\u00bb header_font_size_last_edited=\u00a0\u00bbon|phone\u00a0\u00bb header_line_height_tablet=\u00a0\u00bb\u00a0\u00bb header_line_height_phone=\u00a0\u00bb1em\u00a0\u00bb header_line_height_last_edited=\u00a0\u00bbon|phone\u00a0\u00bb header_2_font_size_tablet=\u00a0\u00bb30px\u00a0\u00bb header_2_font_size_phone=\u00a0\u00bb\u00a0\u00bb header_2_font_size_last_edited=\u00a0\u00bbon|tablet\u00a0\u00bb locked=\u00a0\u00bboff\u00a0\u00bb]<\/p>\n<h1 style=\"text-align: center;\"><strong>Contact<\/strong><\/h1>\n<h3 style=\"text-align: center;\"><strong>Envoyez-nous un message pour savoir comment nous pouvons vous joindre au mieux.<br \/>Ou appelez nous vous-m\u00eame, d\u00e8s maintenant.<br \/><\/strong><\/h3>\n<p>[\/et_pb_text][\/et_pb_column][\/et_pb_row][et_pb_row custom_padding_last_edited=\u00a0\u00bbon|phone\u00a0\u00bb admin_label=\u00a0\u00bbBloc de couleur\u00a0\u00bb _builder_version=\u00a0\u00bb3.25&Prime; background_color=\u00a0\u00bb#1d3164&Prime; width=\u00a0\u00bb65%\u00a0\u00bb max_width=\u00a0\u00bb65%\u00a0\u00bb custom_margin=\u00a0\u00bb0px||\u00a0\u00bb custom_margin_tablet=\u00a0\u00bb0px|||\u00a0\u00bb custom_margin_phone=\u00a0\u00bb|||\u00a0\u00bb custom_margin_last_edited=\u00a0\u00bboff|desktop\u00a0\u00bb custom_padding=\u00a0\u00bb0|4%|20px|4%|false|false\u00a0\u00bb custom_padding_tablet=\u00a0\u00bb|50px||50px||true\u00a0\u00bb custom_padding_phone=\u00a0\u00bb24px|24px|24px|24px|true|true\u00a0\u00bb animation_style=\u00a0\u00bbzoom\u00a0\u00bb animation_delay=\u00a0\u00bb50ms\u00a0\u00bb animation_intensity_zoom=\u00a0\u00bb2%\u00a0\u00bb box_shadow_style=\u00a0\u00bbpreset3&Prime; box_shadow_vertical=\u00a0\u00bb30px\u00a0\u00bb box_shadow_blur=\u00a0\u00bb30px\u00a0\u00bb box_shadow_color=\u00a0\u00bbrgba(0,0,0,0.5)\u00a0\u00bb use_custom_width=\u00a0\u00bbon\u00a0\u00bb width_unit=\u00a0\u00bboff\u00a0\u00bb custom_width_percent=\u00a0\u00bb65%\u00a0\u00bb][et_pb_column type=\u00a0\u00bb4_4&Prime; _builder_version=\u00a0\u00bb3.25&Prime; custom_padding=\u00a0\u00bb|||\u00a0\u00bb custom_padding__hover=\u00a0\u00bb|||\u00a0\u00bb][et_pb_text admin_label=\u00a0\u00bbKontaktdaten\u00a0\u00bb _builder_version=\u00a0\u00bb4.6.1&Prime; text_font=\u00a0\u00bbCairo||||||||\u00a0\u00bb text_font_size=\u00a0\u00bb16px\u00a0\u00bb text_line_height=\u00a0\u00bb1.8em\u00a0\u00bb link_text_color=\u00a0\u00bb#ffffff\u00a0\u00bb header_font=\u00a0\u00bb||||||||\u00a0\u00bb header_font_size=\u00a0\u00bb40px\u00a0\u00bb header_2_font=\u00a0\u00bbPlayfair Display|700|||||||\u00a0\u00bb header_2_font_size=\u00a0\u00bb40px\u00a0\u00bb header_2_line_height=\u00a0\u00bb1.5em\u00a0\u00bb header_4_font=\u00a0\u00bb|700|||||||\u00a0\u00bb header_4_font_size=\u00a0\u00bb16px\u00a0\u00bb header_4_line_height=\u00a0\u00bb1.5em\u00a0\u00bb text_orientation=\u00a0\u00bbcenter\u00a0\u00bb background_layout=\u00a0\u00bbdark\u00a0\u00bb custom_margin=\u00a0\u00bb|||\u00a0\u00bb custom_padding=\u00a0\u00bb|||\u00a0\u00bb header_font_size_tablet=\u00a0\u00bb30px\u00a0\u00bb header_font_size_phone=\u00a0\u00bb24px\u00a0\u00bb header_font_size_last_edited=\u00a0\u00bbon|phone\u00a0\u00bb header_line_height_tablet=\u00a0\u00bb\u00a0\u00bb header_line_height_phone=\u00a0\u00bb1em\u00a0\u00bb header_line_height_last_edited=\u00a0\u00bbon|phone\u00a0\u00bb header_2_font_size_tablet=\u00a0\u00bb30px\u00a0\u00bb header_2_font_size_phone=\u00a0\u00bb\u00a0\u00bb header_2_font_size_last_edited=\u00a0\u00bbon|tablet\u00a0\u00bb locked=\u00a0\u00bboff\u00a0\u00bb]<\/p>\n<h3 style=\"text-align: center;\"><\/h3>\n<p><strong>Roth &amp; Challier &#8211; Erlebnisanlagen GmbH<\/strong><\/p>\n<h4>T\u00e9l\u00e9phone<br \/> +49 \/ (0)721 \/ 98 96 01 93<\/h4>\n<h4>E-mail<br \/> info \/arobase\/ erlebnisanlagen.de<\/h4>\n<p><strong>Adresse<br \/> Am Wetterbach 27, 76228 Karlsruhe-Gr\u00fcnwettersbach<\/strong>\u00a0<\/p>\n<p>[\/et_pb_text][\/et_pb_column][\/et_pb_row][et_pb_row column_structure=\u00a0\u00bb1_3,1_3,1_3&Prime; use_custom_gutter=\u00a0\u00bbon\u00a0\u00bb gutter_width=\u00a0\u00bb0&Prime; custom_padding_last_edited=\u00a0\u00bboff|phone\u00a0\u00bb admin_label=\u00a0\u00bbBarre de couleur\u00a0\u00bb _builder_version=\u00a0\u00bb3.25&Prime; width=\u00a0\u00bb65%\u00a0\u00bb max_width=\u00a0\u00bb65%\u00a0\u00bb custom_margin=\u00a0\u00bb0px|||\u00a0\u00bb custom_margin_phone=\u00a0\u00bb|||\u00a0\u00bb custom_margin_last_edited=\u00a0\u00bboff|phone\u00a0\u00bb custom_padding=\u00a0\u00bb0px|0px|0px|0px\u00a0\u00bb custom_padding_tablet=\u00a0\u00bb|50px||50px||true\u00a0\u00bb custom_padding_phone=\u00a0\u00bb24px|24px|24px|24px|true|true\u00a0\u00bb animation_style=\u00a0\u00bbzoom\u00a0\u00bb animation_delay=\u00a0\u00bb50ms\u00a0\u00bb animation_intensity_zoom=\u00a0\u00bb2%\u00a0\u00bb use_custom_width=\u00a0\u00bbon\u00a0\u00bb width_unit=\u00a0\u00bboff\u00a0\u00bb custom_width_percent=\u00a0\u00bb65%\u00a0\u00bb][et_pb_column type=\u00a0\u00bb1_3&Prime; _builder_version=\u00a0\u00bb3.25&Prime; background_color=\u00a0\u00bb#009fe3&Prime; custom_padding=\u00a0\u00bb0px|0px|0px|0px\u00a0\u00bb custom_padding__hover=\u00a0\u00bb|||\u00a0\u00bb][et_pb_text _builder_version=\u00a0\u00bb3.27.4&Prime; text_text_color=\u00a0\u00bb#009fe3&Prime; text_line_height=\u00a0\u00bb1em\u00a0\u00bb]<\/p>\n<p style=\"text-align: center;\">pas de texte<\/p>\n<p>[\/et_pb_text][\/et_pb_column][et_pb_column type=\u00a0\u00bb1_3&Prime; _builder_version=\u00a0\u00bb3.25&Prime; background_color=\u00a0\u00bb#f39200&Prime; custom_padding=\u00a0\u00bb0px|0px|0px|0px\u00a0\u00bb custom_padding__hover=\u00a0\u00bb|||\u00a0\u00bb][et_pb_text admin_label=\u00a0\u00bbkein Text\u00a0\u00bb _builder_version=\u00a0\u00bb3.27.4&Prime; text_text_color=\u00a0\u00bb#f39200&Prime; text_line_height=\u00a0\u00bb1em\u00a0\u00bb]<\/p>\n<p style=\"text-align: center;\">mais maintenant<\/p>\n<p>[\/et_pb_text][\/et_pb_column][et_pb_column type=\u00a0\u00bb1_3&Prime; _builder_version=\u00a0\u00bb3.25&Prime; background_color=\u00a0\u00bb#95c11f\u00a0\u00bb custom_padding=\u00a0\u00bb|||\u00a0\u00bb custom_padding__hover=\u00a0\u00bb|||\u00a0\u00bb][et_pb_text _builder_version=\u00a0\u00bb3.27.4&Prime; text_text_color=\u00a0\u00bb#95c11f\u00a0\u00bb text_line_height=\u00a0\u00bb1em\u00a0\u00bb]<\/p>\n<p style=\"text-align: center;\">pas de texte<\/p>\n<p>[\/et_pb_text][\/et_pb_column][\/et_pb_row][\/et_pb_section][et_pb_section fb_built=\u00a0\u00bb1&Prime; _builder_version=\u00a0\u00bb4.7.6&Prime; _module_preset=\u00a0\u00bbdefault\u00a0\u00bb][et_pb_row _builder_version=\u00a0\u00bb4.7.6&Prime; _module_preset=\u00a0\u00bbdefault\u00a0\u00bb][et_pb_column _builder_version=\u00a0\u00bb4.7.6&Prime; _module_preset=\u00a0\u00bbdefault\u00a0\u00bb type=\u00a0\u00bb4_4&Prime;][et_pb_text _builder_version=\u00a0\u00bb4.7.6&Prime; _module_preset=\u00a0\u00bbdefault\u00a0\u00bb hover_enabled=\u00a0\u00bb0&Prime; sticky_enabled=\u00a0\u00bb0&Prime;]<\/p>\n<h2>AquaCross et NinjaCross dans le monde<\/h2>\n<p>Un clic vous permettra de conna\u00eetre le bureau de vente de votre pays.<\/p>\n<p>[\/et_pb_text][et_pb_code _builder_version=\u00a0\u00bb4.7.6&Prime; _module_preset=\u00a0\u00bbdefault\u00a0\u00bb admin_label=\u00a0\u00bbmap\u00a0\u00bb hover_enabled=\u00a0\u00bb0&Prime; sticky_enabled=\u00a0\u00bb0&Prime;]<div class=\"map_wrapper\" id=\"map_wrapper_1848\">\n<div class=\"map_box igm_content_left_2_3\" style=\"max-width:2200px\">\n<div class=\"map_aspect_ratio\" style=\"padding-top:56%\" data-padding-top=\"56%\" data-padding-top-mobile=\"0%\">\n<div class=\"map_container\">\n<div class=\"map_render map_loading\" id=\"map_1848\"><\/div>\n<\/div>\n<\/div>\n<\/div><div class=\"igm_content_gutter\" style=\"width:3%\"><\/div><div style=\"width:30%\" class=\"igm_content_right_1_3\"><div id=\"default_1848\"><\/div><\/div>\n<\/div>[\/et_pb_code][\/et_pb_column][\/et_pb_row][\/et_pb_section]<\/p>\n","protected":false},"excerpt":{"rendered":"<p>Une consultation est le meilleur moyen de concilier vos objectifs avec vos possibilit\u00e9s, vos exigences techniques et votre budget. Contact Envoyez-nous un message pour savoir comment nous pouvons vous joindre au mieux.Ou appelez nous vous-m\u00eame, d\u00e8s maintenant. Roth &amp; Challier &#8211; Erlebnisanlagen GmbH T\u00e9l\u00e9phone +49 \/ (0)721 \/ 98 96 01 93 E-mail info \/arobase\/ [&hellip;]<\/p>\n","protected":false},"author":1,"featured_media":0,"parent":0,"menu_order":0,"comment_status":"closed","ping_status":"closed","template":"","meta":{"_et_pb_use_builder":"on","_et_pb_old_content":"","_et_gb_content_width":""},"aioseo_notices":[],"_links":{"self":[{"href":"https:\/\/erlebnisanlagen.de\/fr\/wp-json\/wp\/v2\/pages\/1662"}],"collection":[{"href":"https:\/\/erlebnisanlagen.de\/fr\/wp-json\/wp\/v2\/pages"}],"about":[{"href":"https:\/\/erlebnisanlagen.de\/fr\/wp-json\/wp\/v2\/types\/page"}],"author":[{"embeddable":true,"href":"https:\/\/erlebnisanlagen.de\/fr\/wp-json\/wp\/v2\/users\/1"}],"replies":[{"embeddable":true,"href":"https:\/\/erlebnisanlagen.de\/fr\/wp-json\/wp\/v2\/comments?post=1662"}],"version-history":[{"count":0,"href":"https:\/\/erlebnisanlagen.de\/fr\/wp-json\/wp\/v2\/pages\/1662\/revisions"}],"wp:attachment":[{"href":"https:\/\/erlebnisanlagen.de\/fr\/wp-json\/wp\/v2\/media?parent=1662"}],"curies":[{"name":"wp","href":"https:\/\/api.w.org\/{rel}","templated":true}]}}