{"id":1665,"date":"2020-09-29T14:51:58","date_gmt":"2020-09-29T14:51:58","guid":{"rendered":"https:\/\/vfw46jlhyyn.c.updraftclone.com\/erlebnisanlagen-actif-avec-une-valeur-educative"},"modified":"2021-03-28T10:15:39","modified_gmt":"2021-03-28T10:15:39","slug":"erlebnisanlagen-actif-avec-une-valeur-educative","status":"publish","type":"page","link":"https:\/\/erlebnisanlagen.de\/fr","title":{"rendered":"Erlebnisanlagen &#8211; actif avec une valeur \u00e9ducative"},"content":{"rendered":"<p>[et_pb_section fb_built=\u00a0\u00bb1&Prime; fullwidth=\u00a0\u00bbon\u00a0\u00bb _builder_version=\u00a0\u00bb3.22&Prime;][et_pb_fullwidth_slider show_image_video_mobile=\u00a0\u00bbon\u00a0\u00bb _builder_version=\u00a0\u00bb3.17.2&Prime; auto=\u00a0\u00bbon\u00a0\u00bb auto_speed=\u00a0\u00bb2500&Prime;][et_pb_slide use_bg_overlay=\u00a0\u00bboff\u00a0\u00bb use_text_overlay=\u00a0\u00bboff\u00a0\u00bb admin_title=\u00a0\u00bbBeratung\u00a0\u00bb _builder_version=\u00a0\u00bb3.17.2&Prime; background_image=\u00a0\u00bbhttps:\/\/erlebnisanlagen.de\/wp-content\/uploads\/2018\/10\/Kontakt-1.jpg\u00a0\u00bb button_on_hover=\u00a0\u00bbon\u00a0\u00bb sticky_transition=\u00a0\u00bbon\u00a0\u00bb][\/et_pb_slide][et_pb_slide use_bg_overlay=\u00a0\u00bboff\u00a0\u00bb use_text_overlay=\u00a0\u00bboff\u00a0\u00bb admin_title=\u00a0\u00bbAC-1&Prime; _builder_version=\u00a0\u00bb3.17.2&Prime; background_image=\u00a0\u00bbhttps:\/\/erlebnisanlagen.de\/wp-content\/uploads\/2018\/10\/AC-1s.jpg\u00a0\u00bb button_on_hover=\u00a0\u00bbon\u00a0\u00bb sticky_transition=\u00a0\u00bbon\u00a0\u00bb][\/et_pb_slide][et_pb_slide use_bg_overlay=\u00a0\u00bboff\u00a0\u00bb use_text_overlay=\u00a0\u00bboff\u00a0\u00bb admin_title=\u00a0\u00bbAC-2&Prime; _builder_version=\u00a0\u00bb3.17.2&Prime; background_image=\u00a0\u00bbhttps:\/\/erlebnisanlagen.de\/wp-content\/uploads\/2018\/10\/wasserparcours.jpg\u00a0\u00bb button_on_hover=\u00a0\u00bbon\u00a0\u00bb sticky_transition=\u00a0\u00bbon\u00a0\u00bb][\/et_pb_slide][et_pb_slide use_bg_overlay=\u00a0\u00bboff\u00a0\u00bb use_text_overlay=\u00a0\u00bboff\u00a0\u00bb admin_title=\u00a0\u00bbSeil-1&Prime; _builder_version=\u00a0\u00bb3.17.2&Prime; background_image=\u00a0\u00bbhttps:\/\/erlebnisanlagen.de\/wp-content\/uploads\/2018\/10\/kletterparcours.jpg\u00a0\u00bb button_on_hover=\u00a0\u00bbon\u00a0\u00bb sticky_transition=\u00a0\u00bbon\u00a0\u00bb][\/et_pb_slide][et_pb_slide use_bg_overlay=\u00a0\u00bboff\u00a0\u00bb use_text_overlay=\u00a0\u00bboff\u00a0\u00bb admin_title=\u00a0\u00bballgemein\u00a0\u00bb _builder_version=\u00a0\u00bb3.17.2&Prime; background_image=\u00a0\u00bbhttps:\/\/erlebnisanlagen.de\/wp-content\/uploads\/2018\/10\/allgemein.jpg\u00a0\u00bb button_on_hover=\u00a0\u00bbon\u00a0\u00bb sticky_transition=\u00a0\u00bbon\u00a0\u00bb][\/et_pb_slide][et_pb_slide use_bg_overlay=\u00a0\u00bboff\u00a0\u00bb use_text_overlay=\u00a0\u00bboff\u00a0\u00bb admin_title=\u00a0\u00bbklettern-1&Prime; _builder_version=\u00a0\u00bb3.17.2&Prime; background_image=\u00a0\u00bbhttps:\/\/erlebnisanlagen.de\/wp-content\/uploads\/2018\/10\/AC-5s.jpg\u00a0\u00bb button_on_hover=\u00a0\u00bbon\u00a0\u00bb sticky_transition=\u00a0\u00bbon\u00a0\u00bb][\/et_pb_slide][et_pb_slide use_bg_overlay=\u00a0\u00bboff\u00a0\u00bb use_text_overlay=\u00a0\u00bboff\u00a0\u00bb admin_title=\u00a0\u00bbbau\u00a0\u00bb _builder_version=\u00a0\u00bb3.17.2&Prime; background_image=\u00a0\u00bbhttps:\/\/erlebnisanlagen.de\/wp-content\/uploads\/2018\/10\/Bau-1s.jpg\u00a0\u00bb button_on_hover=\u00a0\u00bbon\u00a0\u00bb sticky_transition=\u00a0\u00bbon\u00a0\u00bb][\/et_pb_slide][et_pb_slide use_bg_overlay=\u00a0\u00bboff\u00a0\u00bb use_text_overlay=\u00a0\u00bboff\u00a0\u00bb admin_title=\u00a0\u00bbboulderwand\u00a0\u00bb _builder_version=\u00a0\u00bb3.17.2&Prime; background_image=\u00a0\u00bbhttps:\/\/erlebnisanlagen.de\/wp-content\/uploads\/2018\/10\/klettern-1s.jpg\u00a0\u00bb button_on_hover=\u00a0\u00bbon\u00a0\u00bb sticky_transition=\u00a0\u00bbon\u00a0\u00bb][\/et_pb_slide][et_pb_slide use_bg_overlay=\u00a0\u00bboff\u00a0\u00bb use_text_overlay=\u00a0\u00bboff\u00a0\u00bb admin_title=\u00a0\u00bbHSG\u00a0\u00bb _builder_version=\u00a0\u00bb3.17.2&Prime; background_image=\u00a0\u00bbhttps:\/\/erlebnisanlagen.de\/wp-content\/uploads\/2018\/10\/Seilgarten-1s-1.jpg\u00a0\u00bb button_on_hover=\u00a0\u00bbon\u00a0\u00bb sticky_transition=\u00a0\u00bbon\u00a0\u00bb][\/et_pb_slide][et_pb_slide use_bg_overlay=\u00a0\u00bboff\u00a0\u00bb use_text_overlay=\u00a0\u00bboff\u00a0\u00bb admin_title=\u00a0\u00bbbauplan\u00a0\u00bb _builder_version=\u00a0\u00bb3.17.2&Prime; background_image=\u00a0\u00bbhttps:\/\/erlebnisanlagen.de\/wp-content\/uploads\/2018\/10\/Bauplan-2s-1.jpg\u00a0\u00bb button_on_hover=\u00a0\u00bbon\u00a0\u00bb sticky_transition=\u00a0\u00bbon\u00a0\u00bb][\/et_pb_slide][et_pb_slide use_bg_overlay=\u00a0\u00bboff\u00a0\u00bb use_text_overlay=\u00a0\u00bboff\u00a0\u00bb admin_title=\u00a0\u00bbAC-Rollen\u00a0\u00bb _builder_version=\u00a0\u00bb3.17.2&Prime; background_image=\u00a0\u00bbhttps:\/\/erlebnisanlagen.de\/wp-content\/uploads\/2018\/10\/AC-4s.jpg\u00a0\u00bb button_on_hover=\u00a0\u00bbon\u00a0\u00bb sticky_transition=\u00a0\u00bbon\u00a0\u00bb][\/et_pb_slide][et_pb_slide use_bg_overlay=\u00a0\u00bboff\u00a0\u00bb use_text_overlay=\u00a0\u00bboff\u00a0\u00bb admin_title=\u00a0\u00bbSpielplatz\u00a0\u00bb _builder_version=\u00a0\u00bb3.17.2&Prime; background_image=\u00a0\u00bbhttps:\/\/erlebnisanlagen.de\/wp-content\/uploads\/2018\/10\/spiel-1s.jpg\u00a0\u00bb button_on_hover=\u00a0\u00bbon\u00a0\u00bb sticky_transition=\u00a0\u00bbon\u00a0\u00bb][\/et_pb_slide][et_pb_slide use_bg_overlay=\u00a0\u00bboff\u00a0\u00bb use_text_overlay=\u00a0\u00bboff\u00a0\u00bb admin_title=\u00a0\u00bbKlettern-3&Prime; _builder_version=\u00a0\u00bb3.17.2&Prime; background_image=\u00a0\u00bbhttps:\/\/erlebnisanlagen.de\/wp-content\/uploads\/2018\/10\/klettern-3.jpg\u00a0\u00bb button_on_hover=\u00a0\u00bbon\u00a0\u00bb sticky_transition=\u00a0\u00bbon\u00a0\u00bb][\/et_pb_slide][\/et_pb_fullwidth_slider][\/et_pb_section][et_pb_section fb_built=\u00a0\u00bb1&Prime; custom_padding_last_edited=\u00a0\u00bbon|phone\u00a0\u00bb admin_label=\u00a0\u00bbContact\u00a0\u00bb module_class=\u00a0\u00bbmy_custom_class\u00a0\u00bb _builder_version=\u00a0\u00bb3.22&Prime; custom_margin=\u00a0\u00bb|||\u00a0\u00bb custom_padding=\u00a0\u00bb50px|0px|50px|0px\u00a0\u00bb custom_padding_tablet=\u00a0\u00bb0px||\u00a0\u00bb custom_padding_phone=\u00a0\u00bb\u00a0\u00bb][et_pb_row custom_padding_last_edited=\u00a0\u00bbon|phone\u00a0\u00bb admin_label=\u00a0\u00bbBloc de couleur\u00a0\u00bb _builder_version=\u00a0\u00bb3.25&Prime; background_color=\u00a0\u00bbrgba(29,49,100,0.8)\u00a0\u00bb width=\u00a0\u00bb65%\u00a0\u00bb max_width=\u00a0\u00bb65%\u00a0\u00bb custom_margin=\u00a0\u00bb-100px|||\u00a0\u00bb custom_margin_tablet=\u00a0\u00bb0px|||\u00a0\u00bb custom_margin_phone=\u00a0\u00bb|||\u00a0\u00bb custom_margin_last_edited=\u00a0\u00bbon|desktop\u00a0\u00bb custom_padding=\u00a0\u00bb20px|4%|20px|4%\u00a0\u00bb custom_padding_tablet=\u00a0\u00bb|50px||50px||true\u00a0\u00bb custom_padding_phone=\u00a0\u00bb24px|24px|24px|24px|true|true\u00a0\u00bb animation_style=\u00a0\u00bbzoom\u00a0\u00bb animation_delay=\u00a0\u00bb50ms\u00a0\u00bb animation_intensity_zoom=\u00a0\u00bb2%\u00a0\u00bb box_shadow_style=\u00a0\u00bbpreset3&Prime; box_shadow_vertical=\u00a0\u00bb30px\u00a0\u00bb box_shadow_blur=\u00a0\u00bb30px\u00a0\u00bb box_shadow_color=\u00a0\u00bbrgba(0,0,0,0.5)\u00a0\u00bb use_custom_width=\u00a0\u00bbon\u00a0\u00bb width_unit=\u00a0\u00bboff\u00a0\u00bb custom_width_percent=\u00a0\u00bb65%\u00a0\u00bb][et_pb_column type=\u00a0\u00bb4_4&Prime; _builder_version=\u00a0\u00bb3.25&Prime; custom_padding=\u00a0\u00bb|||\u00a0\u00bb custom_padding__hover=\u00a0\u00bb|||\u00a0\u00bb][et_pb_text admin_label=\u00a0\u00bbTeaser Text\u00a0\u00bb _builder_version=\u00a0\u00bb3.27.4&Prime; text_font=\u00a0\u00bbCairo||||||||\u00a0\u00bb text_font_size=\u00a0\u00bb16px\u00a0\u00bb text_line_height=\u00a0\u00bb1.8em\u00a0\u00bb link_text_color=\u00a0\u00bb#ffffff\u00a0\u00bb header_font_size=\u00a0\u00bb40px\u00a0\u00bb header_2_font=\u00a0\u00bbPlayfair Display|700|||||||\u00a0\u00bb header_2_font_size=\u00a0\u00bb40px\u00a0\u00bb header_2_line_height=\u00a0\u00bb1.5em\u00a0\u00bb header_4_font=\u00a0\u00bbLato|700|||||||\u00a0\u00bb header_4_font_size=\u00a0\u00bb16px\u00a0\u00bb header_4_line_height=\u00a0\u00bb1.5em\u00a0\u00bb text_orientation=\u00a0\u00bbcenter\u00a0\u00bb background_layout=\u00a0\u00bbdark\u00a0\u00bb custom_margin=\u00a0\u00bb|||\u00a0\u00bb custom_padding=\u00a0\u00bb|||\u00a0\u00bb header_font_size_tablet=\u00a0\u00bb30px\u00a0\u00bb header_font_size_phone=\u00a0\u00bb24px\u00a0\u00bb header_font_size_last_edited=\u00a0\u00bbon|phone\u00a0\u00bb header_2_font_size_tablet=\u00a0\u00bb30px\u00a0\u00bb header_2_font_size_phone=\u00a0\u00bb\u00a0\u00bb header_2_font_size_last_edited=\u00a0\u00bbon|tablet\u00a0\u00bb locked=\u00a0\u00bboff\u00a0\u00bb]<\/p>\n<h3 style=\"text-align: center;\"><strong>Actives avec <\/strong>une valeur p\u00e9dagogique<\/h3>\n<p style=\"text-align: center;\"><strong>Depuis 1999, nous construisons des parcours qui ne sont pas seulement une exp\u00e9rience sportive et divertissante, mais qui peuvent \u00e9galement \u00eatre utilis\u00e9es \u00e0 des fins \u00e9ducatives. En outre, nous vous soutenons dans l&rsquo;utilisation des parcours et formons les personnes qui s&rsquo;occupent de ces parcours.<\/strong><\/p>\n<p>[\/et_pb_text][\/et_pb_column][\/et_pb_row][et_pb_row column_structure=\u00a0\u00bb1_3,1_3,1_3&Prime; use_custom_gutter=\u00a0\u00bbon\u00a0\u00bb gutter_width=\u00a0\u00bb0&Prime; custom_padding_last_edited=\u00a0\u00bboff|phone\u00a0\u00bb admin_label=\u00a0\u00bbBarre de couleur\u00a0\u00bb _builder_version=\u00a0\u00bb4.2.1&Prime; width=\u00a0\u00bb65%\u00a0\u00bb max_width=\u00a0\u00bb65%\u00a0\u00bb height=\u00a0\u00bb5px\u00a0\u00bb custom_margin=\u00a0\u00bb0px|||\u00a0\u00bb custom_margin_phone=\u00a0\u00bb|||\u00a0\u00bb custom_margin_last_edited=\u00a0\u00bboff|phone\u00a0\u00bb custom_padding=\u00a0\u00bb0px|0px|0px|0px\u00a0\u00bb custom_padding_tablet=\u00a0\u00bb|50px||50px||true\u00a0\u00bb custom_padding_phone=\u00a0\u00bb24px|24px|24px|24px|true|true\u00a0\u00bb animation_style=\u00a0\u00bbzoom\u00a0\u00bb animation_delay=\u00a0\u00bb50ms\u00a0\u00bb animation_intensity_zoom=\u00a0\u00bb2%\u00a0\u00bb use_custom_width=\u00a0\u00bbon\u00a0\u00bb width_unit=\u00a0\u00bboff\u00a0\u00bb custom_width_percent=\u00a0\u00bb65%\u00a0\u00bb][et_pb_column type=\u00a0\u00bb1_3&Prime; _builder_version=\u00a0\u00bb3.25&Prime; background_color=\u00a0\u00bb#009fe3&Prime; custom_padding=\u00a0\u00bb0px|0px|0px|0px\u00a0\u00bb custom_padding__hover=\u00a0\u00bb|||\u00a0\u00bb][et_pb_text _builder_version=\u00a0\u00bb3.27.4&Prime; text_text_color=\u00a0\u00bb#009fe3&Prime; text_line_height=\u00a0\u00bb1em\u00a0\u00bb]<\/p>\n<p style=\"text-align: center;\">pas de texte<\/p>\n<p>[\/et_pb_text][\/et_pb_column][et_pb_column type=\u00a0\u00bb1_3&Prime; _builder_version=\u00a0\u00bb3.25&Prime; background_color=\u00a0\u00bb#f39200&Prime; custom_padding=\u00a0\u00bb0px|0px|0px|0px\u00a0\u00bb custom_padding__hover=\u00a0\u00bb|||\u00a0\u00bb][et_pb_text admin_label=\u00a0\u00bbkein Text\u00a0\u00bb _builder_version=\u00a0\u00bb3.27.4&Prime; text_text_color=\u00a0\u00bb#f39200&Prime; text_line_height=\u00a0\u00bb1em\u00a0\u00bb]<\/p>\n<p style=\"text-align: center;\">mais maintenant<\/p>\n<p>[\/et_pb_text][\/et_pb_column][et_pb_column type=\u00a0\u00bb1_3&Prime; _builder_version=\u00a0\u00bb3.25&Prime; background_color=\u00a0\u00bb#95c11f\u00a0\u00bb custom_padding=\u00a0\u00bb|||\u00a0\u00bb custom_padding__hover=\u00a0\u00bb|||\u00a0\u00bb][et_pb_text _builder_version=\u00a0\u00bb3.27.4&Prime; text_text_color=\u00a0\u00bb#95c11f\u00a0\u00bb text_line_height=\u00a0\u00bb1em\u00a0\u00bb]<\/p>\n<p style=\"text-align: center;\">pas de texte<\/p>\n<p>[\/et_pb_text][\/et_pb_column][\/et_pb_row][\/et_pb_section][et_pb_section fb_built=\u00a0\u00bb1&Prime; _builder_version=\u00a0\u00bb3.22&Prime; custom_padding=\u00a0\u00bb0|0px|54px|0px|false|false\u00a0\u00bb][et_pb_row column_structure=\u00a0\u00bb1_3,1_3,1_3&Prime; _builder_version=\u00a0\u00bb3.25&Prime;][et_pb_column type=\u00a0\u00bb1_3&Prime; _builder_version=\u00a0\u00bb3.25&Prime; custom_padding=\u00a0\u00bb|||\u00a0\u00bb custom_padding__hover=\u00a0\u00bb|||\u00a0\u00bb][et_pb_cta title=\u00a0\u00bbEAU\u00a0\u00bb button_url=\u00a0\u00bb\/fr\/parcours-deau\u00a0\u00bb button_text=\u00a0\u00bbplus d&rsquo;infos\u00a0\u00bb admin_label=\u00a0\u00bbWasser\u00a0\u00bb _builder_version=\u00a0\u00bb4.6.1&Prime; header_font=\u00a0\u00bb|700|||||||\u00a0\u00bb header_letter_spacing=\u00a0\u00bb6px\u00a0\u00bb background_image=\u00a0\u00bbhttps:\/\/erlebnisanlagen.de\/wp-content\/uploads\/2018\/09\/wasser.jpg\u00a0\u00bb custom_button=\u00a0\u00bbon\u00a0\u00bb button_text_color=\u00a0\u00bb#000000&Prime; button_bg_color=\u00a0\u00bbrgba(255,255,255,0.5)\u00a0\u00bb button_font=\u00a0\u00bb|700|||||||\u00a0\u00bb button_alignment=\u00a0\u00bbcenter\u00a0\u00bb header_text_shadow_style=\u00a0\u00bbpreset3&Prime; header_text_shadow_horizontal_length=\u00a0\u00bb0.07em\u00a0\u00bb header_text_shadow_color=\u00a0\u00bb#000000&Prime; text_shadow_style=\u00a0\u00bbpreset3&Prime;][\/et_pb_cta][et_pb_text admin_label=\u00a0\u00bbFarbbalken\u00a0\u00bb _builder_version=\u00a0\u00bb3.27.4&Prime; text_font=\u00a0\u00bb||||||||\u00a0\u00bb text_text_color=\u00a0\u00bb#009fe3&Prime; text_font_size=\u00a0\u00bb9px\u00a0\u00bb text_line_height=\u00a0\u00bb1.6em\u00a0\u00bb background_color=\u00a0\u00bb#009fe3&Prime; custom_margin=\u00a0\u00bb-30px||\u00a0\u00bb custom_padding=\u00a0\u00bb0px||\u00a0\u00bb]<\/p>\n<p style=\"text-align: center;\">Texte factice<\/p>\n<p>[\/et_pb_text][\/et_pb_column][et_pb_column type=\u00a0\u00bb1_3&Prime; _builder_version=\u00a0\u00bb3.25&Prime; custom_padding=\u00a0\u00bb|||\u00a0\u00bb custom_padding__hover=\u00a0\u00bb|||\u00a0\u00bb][et_pb_cta title=\u00a0\u00bbESCALADER\u00a0\u00bb button_url=\u00a0\u00bb\/fr\/parcours-descalade\u00a0\u00bb button_text=\u00a0\u00bbplus d&rsquo;infos\u00a0\u00bb admin_label=\u00a0\u00bbKlettern\u00a0\u00bb _builder_version=\u00a0\u00bb4.6.1&Prime; header_font=\u00a0\u00bb|700|||||||\u00a0\u00bb header_letter_spacing=\u00a0\u00bb6px\u00a0\u00bb background_image=\u00a0\u00bbhttps:\/\/erlebnisanlagen.de\/wp-content\/uploads\/2018\/10\/Klettern-HGs.jpg\u00a0\u00bb custom_button=\u00a0\u00bbon\u00a0\u00bb button_text_color=\u00a0\u00bb#000000&Prime; button_bg_color=\u00a0\u00bbrgba(255,255,255,0.5)\u00a0\u00bb button_font=\u00a0\u00bb|700|||||||\u00a0\u00bb button_alignment=\u00a0\u00bbcenter\u00a0\u00bb header_text_shadow_style=\u00a0\u00bbpreset3&Prime; header_text_shadow_horizontal_length=\u00a0\u00bb0.07em\u00a0\u00bb header_text_shadow_color=\u00a0\u00bb#000000&Prime; text_shadow_style=\u00a0\u00bbpreset3&Prime;][\/et_pb_cta][et_pb_text admin_label=\u00a0\u00bbFarbbalken\u00a0\u00bb _builder_version=\u00a0\u00bb3.27.4&Prime; text_font=\u00a0\u00bb||||||||\u00a0\u00bb text_text_color=\u00a0\u00bb#f39200&Prime; text_font_size=\u00a0\u00bb9px\u00a0\u00bb text_line_height=\u00a0\u00bb1.6em\u00a0\u00bb background_color=\u00a0\u00bb#f39200&Prime; custom_margin=\u00a0\u00bb-30px||\u00a0\u00bb custom_padding=\u00a0\u00bb0px||\u00a0\u00bb]<\/p>\n<p style=\"text-align: center;\">Texte factice<\/p>\n<p>[\/et_pb_text][\/et_pb_column][et_pb_column type=\u00a0\u00bb1_3&Prime; _builder_version=\u00a0\u00bb3.25&Prime; custom_padding=\u00a0\u00bb|||\u00a0\u00bb custom_padding__hover=\u00a0\u00bb|||\u00a0\u00bb][et_pb_cta title=\u00a0\u00bbJARDINS \u00c0 CORDES\u00a0\u00bb button_url=\u00a0\u00bb\/fr\/cours-de-cordes\u00a0\u00bb button_text=\u00a0\u00bbplus d&rsquo;infos\u00a0\u00bb admin_label=\u00a0\u00bbSeilg\u00e4rten\u00a0\u00bb _builder_version=\u00a0\u00bb4.8.1&Prime; header_font=\u00a0\u00bb|700|||||||\u00a0\u00bb header_font_size=\u00a0\u00bb25&Prime; header_letter_spacing=\u00a0\u00bb6px\u00a0\u00bb background_image=\u00a0\u00bbhttps:\/\/erlebnisanlagen.de\/wp-content\/uploads\/2018\/10\/Seilgarten-900x600s.jpg\u00a0\u00bb custom_button=\u00a0\u00bbon\u00a0\u00bb button_text_color=\u00a0\u00bb#000000&Prime; button_bg_color=\u00a0\u00bbrgba(255,255,255,0.5)\u00a0\u00bb button_font=\u00a0\u00bb|700|||||||\u00a0\u00bb button_alignment=\u00a0\u00bbcenter\u00a0\u00bb hover_enabled=\u00a0\u00bb0&Prime; header_text_shadow_style=\u00a0\u00bbpreset3&Prime; header_text_shadow_horizontal_length=\u00a0\u00bb0.07em\u00a0\u00bb header_text_shadow_color=\u00a0\u00bb#000000&Prime; text_shadow_style=\u00a0\u00bbpreset3&Prime; custom_padding=\u00a0\u00bb|5px||8px|false|false\u00a0\u00bb sticky_enabled=\u00a0\u00bb0&Prime;][\/et_pb_cta][et_pb_text admin_label=\u00a0\u00bbFarbbalken\u00a0\u00bb _builder_version=\u00a0\u00bb3.27.4&Prime; text_font=\u00a0\u00bb||||||||\u00a0\u00bb text_text_color=\u00a0\u00bb#95c11f\u00a0\u00bb text_font_size=\u00a0\u00bb9px\u00a0\u00bb text_line_height=\u00a0\u00bb1.6em\u00a0\u00bb background_color=\u00a0\u00bb#95c11f\u00a0\u00bb custom_margin=\u00a0\u00bb-30px||\u00a0\u00bb custom_padding=\u00a0\u00bb0px||\u00a0\u00bb]<\/p>\n<p style=\"text-align: center;\">Texte factice<\/p>\n<p>[\/et_pb_text][\/et_pb_column][\/et_pb_row][\/et_pb_section]<\/p>\n","protected":false},"excerpt":{"rendered":"<p>Actives avec une valeur p\u00e9dagogique Depuis 1999, nous construisons des parcours qui ne sont pas seulement une exp\u00e9rience sportive et divertissante, mais qui peuvent \u00e9galement \u00eatre utilis\u00e9es \u00e0 des fins \u00e9ducatives. En outre, nous vous soutenons dans l&rsquo;utilisation des parcours et formons les personnes qui s&rsquo;occupent de ces parcours. pas de texte mais maintenant pas [&hellip;]<\/p>\n","protected":false},"author":1,"featured_media":0,"parent":0,"menu_order":0,"comment_status":"closed","ping_status":"closed","template":"","meta":{"_et_pb_use_builder":"on","_et_pb_old_content":"","_et_gb_content_width":""},"aioseo_notices":[],"_links":{"self":[{"href":"https:\/\/erlebnisanlagen.de\/fr\/wp-json\/wp\/v2\/pages\/1665"}],"collection":[{"href":"https:\/\/erlebnisanlagen.de\/fr\/wp-json\/wp\/v2\/pages"}],"about":[{"href":"https:\/\/erlebnisanlagen.de\/fr\/wp-json\/wp\/v2\/types\/page"}],"author":[{"embeddable":true,"href":"https:\/\/erlebnisanlagen.de\/fr\/wp-json\/wp\/v2\/users\/1"}],"replies":[{"embeddable":true,"href":"https:\/\/erlebnisanlagen.de\/fr\/wp-json\/wp\/v2\/comments?post=1665"}],"version-history":[{"count":0,"href":"https:\/\/erlebnisanlagen.de\/fr\/wp-json\/wp\/v2\/pages\/1665\/revisions"}],"wp:attachment":[{"href":"https:\/\/erlebnisanlagen.de\/fr\/wp-json\/wp\/v2\/media?parent=1665"}],"curies":[{"name":"wp","href":"https:\/\/api.w.org\/{rel}","templated":true}]}}